{"id":3,"date":"2022-09-25T08:23:31","date_gmt":"2022-09-25T08:23:31","guid":{"rendered":"http:\/\/hudv.org.au\/?page_id=3"},"modified":"2023-09-30T02:46:11","modified_gmt":"2023-09-30T02:46:11","slug":"countries","status":"publish","type":"page","link":"https:\/\/hudv.org.au\/es\/countries\/","title":{"rendered":"Pa\u00edses"},"content":{"rendered":"<div data-elementor-type=\"wp-page\" data-elementor-id=\"3\" class=\"elementor elementor-3\">\n\t\t\t\t\t\t<section class=\"elementor-section elementor-top-section elementor-element elementor-element-af6766b elementor-section-boxed elementor-section-height-default elementor-section-height-default\" data-id=\"af6766b\" data-element_type=\"section\" data-e-type=\"section\" data-settings=\"{&quot;background_background&quot;:&quot;classic&quot;}\">\n\t\t\t\t\t\t\t<div class=\"elementor-background-overlay\"><\/div>\n\t\t\t\t\t\t\t<div class=\"elementor-container elementor-column-gap-default\">\n\t\t\t\t\t<div class=\"elementor-column elementor-col-100 elementor-top-column elementor-element elementor-element-ed9a1c5\" data-id=\"ed9a1c5\" data-element_type=\"column\" data-e-type=\"column\">\n\t\t\t<div class=\"elementor-widget-wrap elementor-element-populated\">\n\t\t\t\t\t\t<div class=\"elementor-element elementor-element-34eafbb elementor-widget elementor-widget-accordion\" data-id=\"34eafbb\" data-element_type=\"widget\" data-e-type=\"widget\" data-widget_type=\"accordion.default\">\n\t\t\t\t<div class=\"elementor-widget-container\">\n\t\t\t\t\t\t\t<div class=\"elementor-accordion\">\n\t\t\t\t\t\t\t<div class=\"elementor-accordion-item\">\n\t\t\t\t\t<div id=\"elementor-tab-title-5541\" class=\"elementor-tab-title\" data-tab=\"1\" role=\"button\" aria-controls=\"elementor-tab-content-5541\" aria-expanded=\"false\">\n\t\t\t\t\t\t\t\t\t\t\t\t\t<span class=\"elementor-accordion-icon elementor-accordion-icon-left\" aria-hidden=\"true\">\n\t\t\t\t\t\t\t\t\t\t\t\t\t\t\t<span class=\"elementor-accordion-icon-closed\"><i class=\"fas fa-plus\"><\/i><\/span>\n\t\t\t\t\t\t\t\t<span class=\"elementor-accordion-icon-opened\"><i class=\"fas fa-minus\"><\/i><\/span>\n\t\t\t\t\t\t\t\t\t\t\t\t\t\t<\/span>\n\t\t\t\t\t\t\t\t\t\t\t\t<a class=\"elementor-accordion-title\" tabindex=\"0\">\u00c1frica<\/a>\n\t\t\t\t\t<\/div>\n\t\t\t\t\t<div id=\"elementor-tab-content-5541\" class=\"elementor-tab-content elementor-clearfix\" data-tab=\"1\" role=\"region\" aria-labelledby=\"elementor-tab-title-5541\"><ul><li><span style=\"text-decoration: underline;\"><a href=\"https:\/\/hudv.org.au\/es\/countries\/africa\/equatorial-guinea\/\">Guinea Ecuatorial<\/a><\/span><\/li><\/ul><\/div>\n\t\t\t\t<\/div>\n\t\t\t\t\t\t\t<div class=\"elementor-accordion-item\">\n\t\t\t\t\t<div id=\"elementor-tab-title-5542\" class=\"elementor-tab-title\" data-tab=\"2\" role=\"button\" aria-controls=\"elementor-tab-content-5542\" aria-expanded=\"false\">\n\t\t\t\t\t\t\t\t\t\t\t\t\t<span class=\"elementor-accordion-icon elementor-accordion-icon-left\" aria-hidden=\"true\">\n\t\t\t\t\t\t\t\t\t\t\t\t\t\t\t<span class=\"elementor-accordion-icon-closed\"><i class=\"fas fa-plus\"><\/i><\/span>\n\t\t\t\t\t\t\t\t<span class=\"elementor-accordion-icon-opened\"><i class=\"fas fa-minus\"><\/i><\/span>\n\t\t\t\t\t\t\t\t\t\t\t\t\t\t<\/span>\n\t\t\t\t\t\t\t\t\t\t\t\t<a class=\"elementor-accordion-title\" tabindex=\"0\">Caribe<\/a>\n\t\t\t\t\t<\/div>\n\t\t\t\t\t<div id=\"elementor-tab-content-5542\" class=\"elementor-tab-content elementor-clearfix\" data-tab=\"2\" role=\"region\" aria-labelledby=\"elementor-tab-title-5542\"><ul>\n<li><span style=\"text-decoration: underline;\"><a href=\"https:\/\/hudv.org.au\/es\/countries\/caribbean\/cuba\/\">Cuba<\/a><\/span><\/li>\n<li><span style=\"text-decoration: underline;\"><a href=\"https:\/\/hudv.org.au\/es\/countries\/caribbean\/puerto-rico\/\">Puerto Rico<\/a><\/span><\/li>\n<li><span style=\"text-decoration: underline;\"><a href=\"https:\/\/hudv.org.au\/es\/countries\/caribbean\/dominican-republic\/\">Rep\u00fablica Dominicana<\/a><\/span><\/li>\n<\/ul>\n<gwmw style=\"display:none;\"><\/gwmw><\/div>\n\t\t\t\t<\/div>\n\t\t\t\t\t\t\t<div class=\"elementor-accordion-item\">\n\t\t\t\t\t<div id=\"elementor-tab-title-5543\" class=\"elementor-tab-title\" data-tab=\"3\" role=\"button\" aria-controls=\"elementor-tab-content-5543\" aria-expanded=\"false\">\n\t\t\t\t\t\t\t\t\t\t\t\t\t<span class=\"elementor-accordion-icon elementor-accordion-icon-left\" aria-hidden=\"true\">\n\t\t\t\t\t\t\t\t\t\t\t\t\t\t\t<span class=\"elementor-accordion-icon-closed\"><i class=\"fas fa-plus\"><\/i><\/span>\n\t\t\t\t\t\t\t\t<span class=\"elementor-accordion-icon-opened\"><i class=\"fas fa-minus\"><\/i><\/span>\n\t\t\t\t\t\t\t\t\t\t\t\t\t\t<\/span>\n\t\t\t\t\t\t\t\t\t\t\t\t<a class=\"elementor-accordion-title\" tabindex=\"0\">Am\u00e9rica Central<\/a>\n\t\t\t\t\t<\/div>\n\t\t\t\t\t<div id=\"elementor-tab-content-5543\" class=\"elementor-tab-content elementor-clearfix\" data-tab=\"3\" role=\"region\" aria-labelledby=\"elementor-tab-title-5543\"><ul><li><span style=\"text-decoration: underline;\"><a href=\"https:\/\/hudv.org.au\/es\/countries\/central-america\/costa-rica\/\">Costa Rica<\/a><\/span><\/li><li><span style=\"text-decoration: underline;\"><a href=\"https:\/\/hudv.org.au\/es\/countries\/central-america\/el-salvador\/\">El Salvador<\/a><\/span><\/li><li><span style=\"text-decoration: underline;\"><a href=\"https:\/\/hudv.org.au\/es\/countries\/central-america\/guatemala\/\">Guatemala<\/a><\/span><\/li><li><span style=\"text-decoration: underline;\"><a href=\"https:\/\/hudv.org.au\/es\/countries\/central-america\/honduras\/\">Honduras<\/a><\/span><\/li><li><span style=\"text-decoration: underline;\"><a href=\"https:\/\/hudv.org.au\/es\/countries\/central-america\/nicaragua\/\">Nicaragua<\/a><\/span><\/li><li><span style=\"text-decoration: underline;\"><a href=\"https:\/\/hudv.org.au\/es\/countries\/central-america\/panama\/\">Panam\u00e1<\/a><\/span><\/li><\/ul><\/div>\n\t\t\t\t<\/div>\n\t\t\t\t\t\t\t<div class=\"elementor-accordion-item\">\n\t\t\t\t\t<div id=\"elementor-tab-title-5544\" class=\"elementor-tab-title\" data-tab=\"4\" role=\"button\" aria-controls=\"elementor-tab-content-5544\" aria-expanded=\"false\">\n\t\t\t\t\t\t\t\t\t\t\t\t\t<span class=\"elementor-accordion-icon elementor-accordion-icon-left\" aria-hidden=\"true\">\n\t\t\t\t\t\t\t\t\t\t\t\t\t\t\t<span class=\"elementor-accordion-icon-closed\"><i class=\"fas fa-plus\"><\/i><\/span>\n\t\t\t\t\t\t\t\t<span class=\"elementor-accordion-icon-opened\"><i class=\"fas fa-minus\"><\/i><\/span>\n\t\t\t\t\t\t\t\t\t\t\t\t\t\t<\/span>\n\t\t\t\t\t\t\t\t\t\t\t\t<a class=\"elementor-accordion-title\" tabindex=\"0\">Europa<\/a>\n\t\t\t\t\t<\/div>\n\t\t\t\t\t<div id=\"elementor-tab-content-5544\" class=\"elementor-tab-content elementor-clearfix\" data-tab=\"4\" role=\"region\" aria-labelledby=\"elementor-tab-title-5544\"><ul><li><span style=\"text-decoration: underline;\"><a href=\"https:\/\/hudv.org.au\/es\/countries\/europe\/spain\/\">Espa\u00f1a<\/a><\/span><\/li><\/ul><\/div>\n\t\t\t\t<\/div>\n\t\t\t\t\t\t\t<div class=\"elementor-accordion-item\">\n\t\t\t\t\t<div id=\"elementor-tab-title-5545\" class=\"elementor-tab-title\" data-tab=\"5\" role=\"button\" aria-controls=\"elementor-tab-content-5545\" aria-expanded=\"false\">\n\t\t\t\t\t\t\t\t\t\t\t\t\t<span class=\"elementor-accordion-icon elementor-accordion-icon-left\" aria-hidden=\"true\">\n\t\t\t\t\t\t\t\t\t\t\t\t\t\t\t<span class=\"elementor-accordion-icon-closed\"><i class=\"fas fa-plus\"><\/i><\/span>\n\t\t\t\t\t\t\t\t<span class=\"elementor-accordion-icon-opened\"><i class=\"fas fa-minus\"><\/i><\/span>\n\t\t\t\t\t\t\t\t\t\t\t\t\t\t<\/span>\n\t\t\t\t\t\t\t\t\t\t\t\t<a class=\"elementor-accordion-title\" tabindex=\"0\">Am\u00e9rica del Norte<\/a>\n\t\t\t\t\t<\/div>\n\t\t\t\t\t<div id=\"elementor-tab-content-5545\" class=\"elementor-tab-content elementor-clearfix\" data-tab=\"5\" role=\"region\" aria-labelledby=\"elementor-tab-title-5545\"><ul><li><span style=\"text-decoration: underline;\"><a href=\"https:\/\/hudv.org.au\/es\/countries\/nueva-pagina\/mexico\/\">M\u00e9jico<\/a><\/span><\/li><\/ul><\/div>\n\t\t\t\t<\/div>\n\t\t\t\t\t\t\t<div class=\"elementor-accordion-item\">\n\t\t\t\t\t<div id=\"elementor-tab-title-5546\" class=\"elementor-tab-title\" data-tab=\"6\" role=\"button\" aria-controls=\"elementor-tab-content-5546\" aria-expanded=\"false\">\n\t\t\t\t\t\t\t\t\t\t\t\t\t<span class=\"elementor-accordion-icon elementor-accordion-icon-left\" aria-hidden=\"true\">\n\t\t\t\t\t\t\t\t\t\t\t\t\t\t\t<span class=\"elementor-accordion-icon-closed\"><i class=\"fas fa-plus\"><\/i><\/span>\n\t\t\t\t\t\t\t\t<span class=\"elementor-accordion-icon-opened\"><i class=\"fas fa-minus\"><\/i><\/span>\n\t\t\t\t\t\t\t\t\t\t\t\t\t\t<\/span>\n\t\t\t\t\t\t\t\t\t\t\t\t<a class=\"elementor-accordion-title\" tabindex=\"0\">Am\u00e9rica del Sur<\/a>\n\t\t\t\t\t<\/div>\n\t\t\t\t\t<div id=\"elementor-tab-content-5546\" class=\"elementor-tab-content elementor-clearfix\" data-tab=\"6\" role=\"region\" aria-labelledby=\"elementor-tab-title-5546\"><ul><li><span style=\"text-decoration: underline;\"><a href=\"https:\/\/hudv.org.au\/es\/countries\/south-america\/argentina\/\">Argentina<\/a><\/span><\/li><li><span style=\"text-decoration: underline;\"><a href=\"https:\/\/hudv.org.au\/es\/countries\/south-america\/bolivia\/\">Bolivia<\/a><\/span><\/li><li><span style=\"text-decoration: underline;\"><a href=\"https:\/\/hudv.org.au\/es\/countries\/south-america\/brasil\/\">Brasil<\/a><\/span><\/li><li><span style=\"text-decoration: underline;\"><a href=\"https:\/\/hudv.org.au\/es\/countries\/south-america\/chile\/\">Chile<\/a><\/span><\/li><li><span style=\"text-decoration: underline;\"><a href=\"https:\/\/hudv.org.au\/es\/countries\/south-america\/colombia\/\">Colombia<\/a><\/span><\/li><li><span style=\"text-decoration: underline;\"><a href=\"https:\/\/hudv.org.au\/es\/countries\/south-america\/ecuador\/\">Ecuador<\/a><\/span><\/li><li><span style=\"text-decoration: underline;\"><a href=\"https:\/\/hudv.org.au\/es\/countries\/south-america\/paraguay\/\">Paraguay<\/a><\/span><\/li><li><span style=\"text-decoration: underline;\"><a href=\"https:\/\/hudv.org.au\/es\/countries\/south-america\/peru\/\">Per\u00fa<\/a><\/span><\/li><li><span style=\"text-decoration: underline;\"><a href=\"https:\/\/hudv.org.au\/es\/countries\/south-america\/uruguay\/\">Uruguay<\/a><\/span><\/li><li><span style=\"text-decoration: underline;\"><a href=\"https:\/\/hudv.org.au\/es\/countries\/south-america\/venezuela\/\">Venezuela<\/a><\/span><\/li><\/ul><\/div>\n\t\t\t\t<\/div>\n\t\t\t\t\t\t\t\t<\/div>\n\t\t\t\t\t\t<\/div>\n\t\t\t\t<\/div>\n\t\t\t\t\t<\/div>\n\t\t<\/div>\n\t\t\t\t\t<\/div>\n\t\t<\/section>\n\t\t\t\t<\/div>","protected":false},"excerpt":{"rendered":"<p>Africa Guinea Ecuatorial Caribbean Cuba Puerto Rico Rep\u00fablica Dominicana Central America Costa Rica El Salvador Guatemala Honduras Nicaragua Panam\u00e1 Europe Espa\u00f1a North [&hellip;]<\/p>\n","protected":false},"author":1,"featured_media":0,"parent":0,"menu_order":0,"comment_status":"closed","ping_status":"closed","template":"","meta":{"nf_dc_page":"","om_disable_all_campaigns":false,"footnotes":""},"class_list":["post-3","page","type-page","status-publish","hentry"],"yoast_head":"<!-- This site is optimized with the Yoast SEO plugin v27.4 - https:\/\/yoast.com\/product\/yoast-seo-wordpress\/ -->\n<title>Countries - HUDV<\/title>\n<meta name=\"robots\" content=\"index, follow, max-snippet:-1, max-image-preview:large, max-video-preview:-1\" \/>\n<link rel=\"canonical\" href=\"https:\/\/hudv.org.au\/es\/countries\/\" \/>\n<meta property=\"og:locale\" content=\"es_ES\" \/>\n<meta property=\"og:type\" content=\"article\" \/>\n<meta property=\"og:title\" content=\"Countries - HUDV\" \/>\n<meta property=\"og:description\" content=\"Africa Guinea Ecuatorial Caribbean Cuba Puerto Rico Rep\u00fablica Dominicana Central America Costa Rica El Salvador Guatemala Honduras Nicaragua Panam\u00e1 Europe Espa\u00f1a North [&hellip;]\" \/>\n<meta property=\"og:url\" content=\"https:\/\/hudv.org.au\/es\/countries\/\" \/>\n<meta property=\"og:site_name\" content=\"HUDV\" \/>\n<meta property=\"article:modified_time\" content=\"2023-09-30T02:46:11+00:00\" \/>\n<meta name=\"twitter:card\" content=\"summary_large_image\" \/>\n<meta name=\"twitter:label1\" content=\"Tiempo de lectura\" \/>\n\t<meta name=\"twitter:data1\" content=\"1 minuto\" \/>\n<script type=\"application\/ld+json\" class=\"yoast-schema-graph\">{\"@context\":\"https:\\\/\\\/schema.org\",\"@graph\":[{\"@type\":\"WebPage\",\"@id\":\"https:\\\/\\\/hudv.org.au\\\/countries\\\/\",\"url\":\"https:\\\/\\\/hudv.org.au\\\/countries\\\/\",\"name\":\"Countries - HUDV\",\"isPartOf\":{\"@id\":\"http:\\\/\\\/hudv.org.au\\\/#website\"},\"datePublished\":\"2022-09-25T08:23:31+00:00\",\"dateModified\":\"2023-09-30T02:46:11+00:00\",\"breadcrumb\":{\"@id\":\"https:\\\/\\\/hudv.org.au\\\/countries\\\/#breadcrumb\"},\"inLanguage\":\"es-CO\",\"potentialAction\":[{\"@type\":\"ReadAction\",\"target\":[\"https:\\\/\\\/hudv.org.au\\\/countries\\\/\"]}]},{\"@type\":\"BreadcrumbList\",\"@id\":\"https:\\\/\\\/hudv.org.au\\\/countries\\\/#breadcrumb\",\"itemListElement\":[{\"@type\":\"ListItem\",\"position\":1,\"name\":\"Home\",\"item\":\"http:\\\/\\\/hudv.org.au\\\/\"},{\"@type\":\"ListItem\",\"position\":2,\"name\":\"Countries\"}]},{\"@type\":\"WebSite\",\"@id\":\"http:\\\/\\\/hudv.org.au\\\/#website\",\"url\":\"http:\\\/\\\/hudv.org.au\\\/\",\"name\":\"HUDV\",\"description\":\"Hispanos Unidos de Victoria\",\"potentialAction\":[{\"@type\":\"SearchAction\",\"target\":{\"@type\":\"EntryPoint\",\"urlTemplate\":\"http:\\\/\\\/hudv.org.au\\\/?s={search_term_string}\"},\"query-input\":{\"@type\":\"PropertyValueSpecification\",\"valueRequired\":true,\"valueName\":\"search_term_string\"}}],\"inLanguage\":\"es-CO\"}]}<\/script>\n<!-- \/ Yoast SEO plugin. -->","yoast_head_json":{"title":"Countries - HUDV","robots":{"index":"index","follow":"follow","max-snippet":"max-snippet:-1","max-image-preview":"max-image-preview:large","max-video-preview":"max-video-preview:-1"},"canonical":"https:\/\/hudv.org.au\/es\/countries\/","og_locale":"es_ES","og_type":"article","og_title":"Countries - HUDV","og_description":"Africa Guinea Ecuatorial Caribbean Cuba Puerto Rico Rep\u00fablica Dominicana Central America Costa Rica El Salvador Guatemala Honduras Nicaragua Panam\u00e1 Europe Espa\u00f1a North [&hellip;]","og_url":"https:\/\/hudv.org.au\/es\/countries\/","og_site_name":"HUDV","article_modified_time":"2023-09-30T02:46:11+00:00","twitter_card":"summary_large_image","twitter_misc":{"Tiempo de lectura":"1 minuto"},"schema":{"@context":"https:\/\/schema.org","@graph":[{"@type":"WebPage","@id":"https:\/\/hudv.org.au\/countries\/","url":"https:\/\/hudv.org.au\/countries\/","name":"Countries - HUDV","isPartOf":{"@id":"http:\/\/hudv.org.au\/#website"},"datePublished":"2022-09-25T08:23:31+00:00","dateModified":"2023-09-30T02:46:11+00:00","breadcrumb":{"@id":"https:\/\/hudv.org.au\/countries\/#breadcrumb"},"inLanguage":"es-CO","potentialAction":[{"@type":"ReadAction","target":["https:\/\/hudv.org.au\/countries\/"]}]},{"@type":"BreadcrumbList","@id":"https:\/\/hudv.org.au\/countries\/#breadcrumb","itemListElement":[{"@type":"ListItem","position":1,"name":"Home","item":"http:\/\/hudv.org.au\/"},{"@type":"ListItem","position":2,"name":"Countries"}]},{"@type":"WebSite","@id":"http:\/\/hudv.org.au\/#website","url":"http:\/\/hudv.org.au\/","name":"HUDV","description":"Hispanos Unidos de Victoria","potentialAction":[{"@type":"SearchAction","target":{"@type":"EntryPoint","urlTemplate":"http:\/\/hudv.org.au\/?s={search_term_string}"},"query-input":{"@type":"PropertyValueSpecification","valueRequired":true,"valueName":"search_term_string"}}],"inLanguage":"es-CO"}]}},"jetpack_sharing_enabled":true,"_links":{"self":[{"href":"https:\/\/hudv.org.au\/es\/wp-json\/wp\/v2\/pages\/3","targetHints":{"allow":["GET"]}}],"collection":[{"href":"https:\/\/hudv.org.au\/es\/wp-json\/wp\/v2\/pages"}],"about":[{"href":"https:\/\/hudv.org.au\/es\/wp-json\/wp\/v2\/types\/page"}],"author":[{"embeddable":true,"href":"https:\/\/hudv.org.au\/es\/wp-json\/wp\/v2\/users\/1"}],"replies":[{"embeddable":true,"href":"https:\/\/hudv.org.au\/es\/wp-json\/wp\/v2\/comments?post=3"}],"version-history":[{"count":5,"href":"https:\/\/hudv.org.au\/es\/wp-json\/wp\/v2\/pages\/3\/revisions"}],"predecessor-version":[{"id":2080,"href":"https:\/\/hudv.org.au\/es\/wp-json\/wp\/v2\/pages\/3\/revisions\/2080"}],"wp:attachment":[{"href":"https:\/\/hudv.org.au\/es\/wp-json\/wp\/v2\/media?parent=3"}],"curies":[{"name":"wp","href":"https:\/\/api.w.org\/{rel}","templated":true}]}}