{"id":866,"date":"2022-12-12T06:06:50","date_gmt":"2022-12-12T06:06:50","guid":{"rendered":"http:\/\/hudv.org.au\/?page_id=866"},"modified":"2023-09-10T09:11:08","modified_gmt":"2023-09-10T09:11:08","slug":"panama","status":"publish","type":"page","link":"https:\/\/hudv.org.au\/es\/countries\/central-america\/panama\/","title":{"rendered":"Panam\u00e1"},"content":{"rendered":"<div class=\"wp-block-cover\"><span aria-hidden=\"true\" class=\"wp-block-cover__background has-background-dim\"><\/span><img data-recalc-dims=\"1\" fetchpriority=\"high\" decoding=\"async\" width=\"1000\" height=\"600\" class=\"wp-block-cover__image-background wp-image-867\" alt=\"\" src=\"https:\/\/i0.wp.com\/hudv.org.au\/wp-content\/uploads\/2022\/12\/Ocean-Reef-Drohne-1000-600.webp?resize=1000%2C600\" data-object-fit=\"cover\" srcset=\"https:\/\/i0.wp.com\/hudv.org.au\/wp-content\/uploads\/2022\/12\/Ocean-Reef-Drohne-1000-600.webp?w=1000&amp;ssl=1 1000w, https:\/\/i0.wp.com\/hudv.org.au\/wp-content\/uploads\/2022\/12\/Ocean-Reef-Drohne-1000-600.webp?resize=300%2C180&amp;ssl=1 300w, https:\/\/i0.wp.com\/hudv.org.au\/wp-content\/uploads\/2022\/12\/Ocean-Reef-Drohne-1000-600.webp?resize=768%2C461&amp;ssl=1 768w, https:\/\/i0.wp.com\/hudv.org.au\/wp-content\/uploads\/2022\/12\/Ocean-Reef-Drohne-1000-600.webp?resize=230%2C138&amp;ssl=1 230w, https:\/\/i0.wp.com\/hudv.org.au\/wp-content\/uploads\/2022\/12\/Ocean-Reef-Drohne-1000-600.webp?resize=350%2C210&amp;ssl=1 350w, https:\/\/i0.wp.com\/hudv.org.au\/wp-content\/uploads\/2022\/12\/Ocean-Reef-Drohne-1000-600.webp?resize=480%2C288&amp;ssl=1 480w\" sizes=\"(max-width: 1000px) 100vw, 1000px\" \/><div class=\"wp-block-cover__inner-container is-layout-flow wp-block-cover-is-layout-flow\">\n<p class=\"has-text-align-center has-large-font-size\"><gwmw style=\"display:none;\"><\/gwmw><gwmw style=\"display:none;\"><\/gwmw><\/p>\n\n\n\n<figure class=\"wp-block-image size-full is-resized\"><img data-recalc-dims=\"1\" decoding=\"async\" src=\"https:\/\/i0.wp.com\/hudv.org.au\/wp-content\/uploads\/2022\/12\/Panama.png?resize=111%2C74\" alt=\"\" class=\"wp-image-1046\" style=\"width:111px;height:74px\" width=\"111\" height=\"74\" srcset=\"https:\/\/i0.wp.com\/hudv.org.au\/wp-content\/uploads\/2022\/12\/Panama.png?w=275&amp;ssl=1 275w, https:\/\/i0.wp.com\/hudv.org.au\/wp-content\/uploads\/2022\/12\/Panama.png?resize=230%2C153&amp;ssl=1 230w\" sizes=\"(max-width: 111px) 100vw, 111px\" \/><\/figure>\n\n\n\n<p>Official Name: Rep\u00fablica de Panam\u00e1<br>Capitals: Ciudad de Panam\u00e1<br>Population: 4,348,000 (2021 est.)<br>Size: 116th largest country in the world (29,119 km2)<br>\u2022 A legend claims Panam\u00e1 is an indigenous word that means \u201can abundance of fish\u201d<br>\u2022 Panam\u00e1 is the only place in the world where you can see the sunrise on the Pacific and sunset on the Atlantic<br>\u2022 A pearl found in Panam\u00e1 was both in the English and Spanish royal jewels<br>\u2022 The inventor of \u201cMurphy\u2019s Law\u201d was born in Panam\u00e1<br>\u2022 Panam\u00e1\u2019s capital is the only one in the world to have a rainforest within its city limits<br>\u2022 Hosts the world\u2019s oldest operating railroad<br>\u2022 The flag\u2019s white represents purity and peace, the blue star represents the honesty experienced throughout Panam\u00e1, the red star represents the respect for laws and regulation by the citizens, the blue colour represents the Conservative Party and the red the Liberal Party<\/p>\n\n\n\n<p><gwmw style=\"display:none;\"><\/gwmw><gwmw style=\"display:none;\"><\/gwmw><\/p>\n<\/div><\/div>","protected":false},"excerpt":{"rendered":"","protected":false},"author":1,"featured_media":0,"parent":1078,"menu_order":0,"comment_status":"closed","ping_status":"closed","template":"","meta":{"nf_dc_page":"","om_disable_all_campaigns":false,"footnotes":""},"class_list":["post-866","page","type-page","status-publish","hentry"],"yoast_head":"<!-- This site is optimized with the Yoast SEO plugin v27.4 - https:\/\/yoast.com\/product\/yoast-seo-wordpress\/ -->\n<title>Panam\u00e1 - HUDV<\/title>\n<meta name=\"robots\" content=\"index, follow, max-snippet:-1, max-image-preview:large, max-video-preview:-1\" \/>\n<link rel=\"canonical\" href=\"https:\/\/hudv.org.au\/es\/countries\/central-america\/panama\/\" \/>\n<meta property=\"og:locale\" content=\"es_ES\" \/>\n<meta property=\"og:type\" content=\"article\" \/>\n<meta property=\"og:title\" content=\"Panam\u00e1 - HUDV\" \/>\n<meta property=\"og:url\" content=\"https:\/\/hudv.org.au\/es\/countries\/central-america\/panama\/\" \/>\n<meta property=\"og:site_name\" content=\"HUDV\" \/>\n<meta property=\"article:modified_time\" content=\"2023-09-10T09:11:08+00:00\" \/>\n<meta property=\"og:image\" content=\"http:\/\/hudv.org.au\/wp-content\/uploads\/2022\/12\/Ocean-Reef-Drohne-1000-600.webp\" \/>\n<meta name=\"twitter:card\" content=\"summary_large_image\" \/>\n<meta name=\"twitter:label1\" content=\"Tiempo de lectura\" \/>\n\t<meta name=\"twitter:data1\" content=\"2 minutos\" \/>\n<script type=\"application\/ld+json\" class=\"yoast-schema-graph\">{\"@context\":\"https:\\\/\\\/schema.org\",\"@graph\":[{\"@type\":\"WebPage\",\"@id\":\"https:\\\/\\\/hudv.org.au\\\/countries\\\/central-america\\\/panama\\\/\",\"url\":\"https:\\\/\\\/hudv.org.au\\\/countries\\\/central-america\\\/panama\\\/\",\"name\":\"Panam\u00e1 - HUDV\",\"isPartOf\":{\"@id\":\"http:\\\/\\\/hudv.org.au\\\/#website\"},\"primaryImageOfPage\":{\"@id\":\"https:\\\/\\\/hudv.org.au\\\/countries\\\/central-america\\\/panama\\\/#primaryimage\"},\"image\":{\"@id\":\"https:\\\/\\\/hudv.org.au\\\/countries\\\/central-america\\\/panama\\\/#primaryimage\"},\"thumbnailUrl\":\"http:\\\/\\\/hudv.org.au\\\/wp-content\\\/uploads\\\/2022\\\/12\\\/Ocean-Reef-Drohne-1000-600.webp\",\"datePublished\":\"2022-12-12T06:06:50+00:00\",\"dateModified\":\"2023-09-10T09:11:08+00:00\",\"breadcrumb\":{\"@id\":\"https:\\\/\\\/hudv.org.au\\\/countries\\\/central-america\\\/panama\\\/#breadcrumb\"},\"inLanguage\":\"es-CO\",\"potentialAction\":[{\"@type\":\"ReadAction\",\"target\":[\"https:\\\/\\\/hudv.org.au\\\/countries\\\/central-america\\\/panama\\\/\"]}]},{\"@type\":\"ImageObject\",\"inLanguage\":\"es-CO\",\"@id\":\"https:\\\/\\\/hudv.org.au\\\/countries\\\/central-america\\\/panama\\\/#primaryimage\",\"url\":\"http:\\\/\\\/hudv.org.au\\\/wp-content\\\/uploads\\\/2022\\\/12\\\/Ocean-Reef-Drohne-1000-600.webp\",\"contentUrl\":\"http:\\\/\\\/hudv.org.au\\\/wp-content\\\/uploads\\\/2022\\\/12\\\/Ocean-Reef-Drohne-1000-600.webp\"},{\"@type\":\"BreadcrumbList\",\"@id\":\"https:\\\/\\\/hudv.org.au\\\/countries\\\/central-america\\\/panama\\\/#breadcrumb\",\"itemListElement\":[{\"@type\":\"ListItem\",\"position\":1,\"name\":\"Home\",\"item\":\"http:\\\/\\\/hudv.org.au\\\/\"},{\"@type\":\"ListItem\",\"position\":2,\"name\":\"Countries\",\"item\":\"https:\\\/\\\/hudv.org.au\\\/countries\\\/\"},{\"@type\":\"ListItem\",\"position\":3,\"name\":\"Central America\",\"item\":\"https:\\\/\\\/hudv.org.au\\\/countries\\\/central-america\\\/\"},{\"@type\":\"ListItem\",\"position\":4,\"name\":\"Panam\u00e1\"}]},{\"@type\":\"WebSite\",\"@id\":\"http:\\\/\\\/hudv.org.au\\\/#website\",\"url\":\"http:\\\/\\\/hudv.org.au\\\/\",\"name\":\"HUDV\",\"description\":\"Hispanos Unidos de Victoria\",\"potentialAction\":[{\"@type\":\"SearchAction\",\"target\":{\"@type\":\"EntryPoint\",\"urlTemplate\":\"http:\\\/\\\/hudv.org.au\\\/?s={search_term_string}\"},\"query-input\":{\"@type\":\"PropertyValueSpecification\",\"valueRequired\":true,\"valueName\":\"search_term_string\"}}],\"inLanguage\":\"es-CO\"}]}<\/script>\n<!-- \/ Yoast SEO plugin. -->","yoast_head_json":{"title":"Panam\u00e1 - HUDV","robots":{"index":"index","follow":"follow","max-snippet":"max-snippet:-1","max-image-preview":"max-image-preview:large","max-video-preview":"max-video-preview:-1"},"canonical":"https:\/\/hudv.org.au\/es\/countries\/central-america\/panama\/","og_locale":"es_ES","og_type":"article","og_title":"Panam\u00e1 - HUDV","og_url":"https:\/\/hudv.org.au\/es\/countries\/central-america\/panama\/","og_site_name":"HUDV","article_modified_time":"2023-09-10T09:11:08+00:00","og_image":[{"url":"http:\/\/hudv.org.au\/wp-content\/uploads\/2022\/12\/Ocean-Reef-Drohne-1000-600.webp","type":"","width":"","height":""}],"twitter_card":"summary_large_image","twitter_misc":{"Tiempo de lectura":"2 minutos"},"schema":{"@context":"https:\/\/schema.org","@graph":[{"@type":"WebPage","@id":"https:\/\/hudv.org.au\/countries\/central-america\/panama\/","url":"https:\/\/hudv.org.au\/countries\/central-america\/panama\/","name":"Panam\u00e1 - HUDV","isPartOf":{"@id":"http:\/\/hudv.org.au\/#website"},"primaryImageOfPage":{"@id":"https:\/\/hudv.org.au\/countries\/central-america\/panama\/#primaryimage"},"image":{"@id":"https:\/\/hudv.org.au\/countries\/central-america\/panama\/#primaryimage"},"thumbnailUrl":"http:\/\/hudv.org.au\/wp-content\/uploads\/2022\/12\/Ocean-Reef-Drohne-1000-600.webp","datePublished":"2022-12-12T06:06:50+00:00","dateModified":"2023-09-10T09:11:08+00:00","breadcrumb":{"@id":"https:\/\/hudv.org.au\/countries\/central-america\/panama\/#breadcrumb"},"inLanguage":"es-CO","potentialAction":[{"@type":"ReadAction","target":["https:\/\/hudv.org.au\/countries\/central-america\/panama\/"]}]},{"@type":"ImageObject","inLanguage":"es-CO","@id":"https:\/\/hudv.org.au\/countries\/central-america\/panama\/#primaryimage","url":"http:\/\/hudv.org.au\/wp-content\/uploads\/2022\/12\/Ocean-Reef-Drohne-1000-600.webp","contentUrl":"http:\/\/hudv.org.au\/wp-content\/uploads\/2022\/12\/Ocean-Reef-Drohne-1000-600.webp"},{"@type":"BreadcrumbList","@id":"https:\/\/hudv.org.au\/countries\/central-america\/panama\/#breadcrumb","itemListElement":[{"@type":"ListItem","position":1,"name":"Home","item":"http:\/\/hudv.org.au\/"},{"@type":"ListItem","position":2,"name":"Countries","item":"https:\/\/hudv.org.au\/countries\/"},{"@type":"ListItem","position":3,"name":"Central America","item":"https:\/\/hudv.org.au\/countries\/central-america\/"},{"@type":"ListItem","position":4,"name":"Panam\u00e1"}]},{"@type":"WebSite","@id":"http:\/\/hudv.org.au\/#website","url":"http:\/\/hudv.org.au\/","name":"HUDV","description":"Hispanos Unidos de Victoria","potentialAction":[{"@type":"SearchAction","target":{"@type":"EntryPoint","urlTemplate":"http:\/\/hudv.org.au\/?s={search_term_string}"},"query-input":{"@type":"PropertyValueSpecification","valueRequired":true,"valueName":"search_term_string"}}],"inLanguage":"es-CO"}]}},"jetpack_sharing_enabled":true,"_links":{"self":[{"href":"https:\/\/hudv.org.au\/es\/wp-json\/wp\/v2\/pages\/866","targetHints":{"allow":["GET"]}}],"collection":[{"href":"https:\/\/hudv.org.au\/es\/wp-json\/wp\/v2\/pages"}],"about":[{"href":"https:\/\/hudv.org.au\/es\/wp-json\/wp\/v2\/types\/page"}],"author":[{"embeddable":true,"href":"https:\/\/hudv.org.au\/es\/wp-json\/wp\/v2\/users\/1"}],"replies":[{"embeddable":true,"href":"https:\/\/hudv.org.au\/es\/wp-json\/wp\/v2\/comments?post=866"}],"version-history":[{"count":3,"href":"https:\/\/hudv.org.au\/es\/wp-json\/wp\/v2\/pages\/866\/revisions"}],"predecessor-version":[{"id":1307,"href":"https:\/\/hudv.org.au\/es\/wp-json\/wp\/v2\/pages\/866\/revisions\/1307"}],"up":[{"embeddable":true,"href":"https:\/\/hudv.org.au\/es\/wp-json\/wp\/v2\/pages\/1078"}],"wp:attachment":[{"href":"https:\/\/hudv.org.au\/es\/wp-json\/wp\/v2\/media?parent=866"}],"curies":[{"name":"wp","href":"https:\/\/api.w.org\/{rel}","templated":true}]}}