{"id":869,"date":"2022-12-12T06:09:32","date_gmt":"2022-12-12T06:09:32","guid":{"rendered":"http:\/\/hudv.org.au\/?page_id=869"},"modified":"2023-09-10T09:14:51","modified_gmt":"2023-09-10T09:14:51","slug":"paraguay","status":"publish","type":"page","link":"https:\/\/hudv.org.au\/es\/countries\/south-america\/paraguay\/","title":{"rendered":"Paraguay"},"content":{"rendered":"<div class=\"wp-block-cover is-light\"><span aria-hidden=\"true\" class=\"wp-block-cover__background has-background-dim\"><\/span><img data-recalc-dims=\"1\" fetchpriority=\"high\" decoding=\"async\" width=\"1024\" height=\"458\" class=\"wp-block-cover__image-background wp-image-870\" alt=\"\" src=\"https:\/\/i0.wp.com\/hudv.org.au\/wp-content\/uploads\/2022\/12\/dreamstime_xxl_62149887.webp?resize=1024%2C458\" data-object-fit=\"cover\" srcset=\"https:\/\/i0.wp.com\/hudv.org.au\/wp-content\/uploads\/2022\/12\/dreamstime_xxl_62149887.webp?resize=1024%2C458&amp;ssl=1 1024w, https:\/\/i0.wp.com\/hudv.org.au\/wp-content\/uploads\/2022\/12\/dreamstime_xxl_62149887.webp?resize=300%2C134&amp;ssl=1 300w, https:\/\/i0.wp.com\/hudv.org.au\/wp-content\/uploads\/2022\/12\/dreamstime_xxl_62149887.webp?resize=768%2C343&amp;ssl=1 768w, https:\/\/i0.wp.com\/hudv.org.au\/wp-content\/uploads\/2022\/12\/dreamstime_xxl_62149887.webp?resize=1536%2C686&amp;ssl=1 1536w, https:\/\/i0.wp.com\/hudv.org.au\/wp-content\/uploads\/2022\/12\/dreamstime_xxl_62149887.webp?resize=1000%2C447&amp;ssl=1 1000w, https:\/\/i0.wp.com\/hudv.org.au\/wp-content\/uploads\/2022\/12\/dreamstime_xxl_62149887.webp?resize=230%2C103&amp;ssl=1 230w, https:\/\/i0.wp.com\/hudv.org.au\/wp-content\/uploads\/2022\/12\/dreamstime_xxl_62149887.webp?resize=350%2C156&amp;ssl=1 350w, https:\/\/i0.wp.com\/hudv.org.au\/wp-content\/uploads\/2022\/12\/dreamstime_xxl_62149887.webp?resize=480%2C215&amp;ssl=1 480w, https:\/\/i0.wp.com\/hudv.org.au\/wp-content\/uploads\/2022\/12\/dreamstime_xxl_62149887.webp?w=1920&amp;ssl=1 1920w\" sizes=\"(max-width: 1024px) 100vw, 1024px\" \/><div class=\"wp-block-cover__inner-container is-layout-flow wp-block-cover-is-layout-flow\">\n<p class=\"has-text-align-center has-large-font-size\"><gwmw style=\"display:none;\"><\/gwmw><gwmw style=\"display:none;\"><\/gwmw><\/p>\n\n\n\n<figure class=\"wp-block-image size-full is-resized\"><img data-recalc-dims=\"1\" decoding=\"async\" src=\"https:\/\/i0.wp.com\/hudv.org.au\/wp-content\/uploads\/2022\/12\/Paraguay.png?resize=111%2C65\" alt=\"\" class=\"wp-image-1049\" style=\"width:111px;height:65px\" width=\"111\" height=\"65\" srcset=\"https:\/\/i0.wp.com\/hudv.org.au\/wp-content\/uploads\/2022\/12\/Paraguay.png?w=294&amp;ssl=1 294w, https:\/\/i0.wp.com\/hudv.org.au\/wp-content\/uploads\/2022\/12\/Paraguay.png?resize=230%2C134&amp;ssl=1 230w\" sizes=\"(max-width: 111px) 100vw, 111px\" \/><\/figure>\n\n\n\n<p class=\"has-white-color has-text-color\">Official Name: Tet\u00e4 Paragu\u00e1ype or Rep\u00fablica de Paraguay<br>Capitals: Asunci\u00f3n<br>Population: 7,353,000 (2021 est.)<br>Size: 59th largest country in the world (7,359,000 km2)<br>\u2022 Paraguay is derived from two Guaran\u00ed words\u2014paragu\u00e1 \u201cfeather crown\u201d and y \u201cwater\u201d &#8211; \u201cfeather crown of waters\u201d<br>\u2022 Paraguay is a bilingual nation\u2014Guaran\u00ed and Spanish<br>\u2022 Paraguay has the only national flag in the world with different emblems on each side<br>\u2022 Home to the oldest railway line in South America<br>\u2022 Paraguay has the largest navy of all landlocked countries<br>\u2022 Is nicknamed \u201cHeart of America\u201d because of its central location<br>\u2022 The flag\u2019s red represents equality, courage and patriotism, the white is unity, purity and peace, and the blue freedom, charity and righteousness while the emblem on the front is the state emblem of the country and the back emblem is the country\u2019s Treasure Seal.<gwmw style=\"display:none;\"><\/gwmw><gwmw style=\"display:none;\"><\/gwmw><\/p>\n\n\n\n<p><gwmw style=\"display:none;\"><\/gwmw><gwmw style=\"display:none;\"><\/gwmw><\/p>\n<\/div><\/div>","protected":false},"excerpt":{"rendered":"","protected":false},"author":1,"featured_media":0,"parent":1079,"menu_order":0,"comment_status":"closed","ping_status":"closed","template":"","meta":{"nf_dc_page":"","om_disable_all_campaigns":false,"footnotes":""},"class_list":["post-869","page","type-page","status-publish","hentry"],"yoast_head":"<!-- This site is optimized with the Yoast SEO plugin v27.4 - https:\/\/yoast.com\/product\/yoast-seo-wordpress\/ -->\n<title>Paraguay - HUDV<\/title>\n<meta name=\"robots\" content=\"index, follow, max-snippet:-1, max-image-preview:large, max-video-preview:-1\" \/>\n<link rel=\"canonical\" href=\"https:\/\/hudv.org.au\/es\/countries\/south-america\/paraguay\/\" \/>\n<meta property=\"og:locale\" content=\"es_ES\" \/>\n<meta property=\"og:type\" content=\"article\" \/>\n<meta property=\"og:title\" content=\"Paraguay - HUDV\" \/>\n<meta property=\"og:url\" content=\"https:\/\/hudv.org.au\/es\/countries\/south-america\/paraguay\/\" \/>\n<meta property=\"og:site_name\" content=\"HUDV\" \/>\n<meta property=\"article:modified_time\" content=\"2023-09-10T09:14:51+00:00\" \/>\n<meta property=\"og:image\" content=\"http:\/\/hudv.org.au\/wp-content\/uploads\/2022\/12\/dreamstime_xxl_62149887-1024x458.webp\" \/>\n<meta name=\"twitter:card\" content=\"summary_large_image\" \/>\n<meta name=\"twitter:label1\" content=\"Tiempo de lectura\" \/>\n\t<meta name=\"twitter:data1\" content=\"2 minutos\" \/>\n<script type=\"application\/ld+json\" class=\"yoast-schema-graph\">{\"@context\":\"https:\\\/\\\/schema.org\",\"@graph\":[{\"@type\":\"WebPage\",\"@id\":\"https:\\\/\\\/hudv.org.au\\\/es\\\/countries\\\/south-america\\\/paraguay\\\/\",\"url\":\"https:\\\/\\\/hudv.org.au\\\/es\\\/countries\\\/south-america\\\/paraguay\\\/\",\"name\":\"Paraguay - HUDV\",\"isPartOf\":{\"@id\":\"http:\\\/\\\/hudv.org.au\\\/#website\"},\"primaryImageOfPage\":{\"@id\":\"https:\\\/\\\/hudv.org.au\\\/es\\\/countries\\\/south-america\\\/paraguay\\\/#primaryimage\"},\"image\":{\"@id\":\"https:\\\/\\\/hudv.org.au\\\/es\\\/countries\\\/south-america\\\/paraguay\\\/#primaryimage\"},\"thumbnailUrl\":\"http:\\\/\\\/hudv.org.au\\\/wp-content\\\/uploads\\\/2022\\\/12\\\/dreamstime_xxl_62149887-1024x458.webp\",\"datePublished\":\"2022-12-12T06:09:32+00:00\",\"dateModified\":\"2023-09-10T09:14:51+00:00\",\"breadcrumb\":{\"@id\":\"https:\\\/\\\/hudv.org.au\\\/es\\\/countries\\\/south-america\\\/paraguay\\\/#breadcrumb\"},\"inLanguage\":\"es-CO\",\"potentialAction\":[{\"@type\":\"ReadAction\",\"target\":[\"https:\\\/\\\/hudv.org.au\\\/es\\\/countries\\\/south-america\\\/paraguay\\\/\"]}]},{\"@type\":\"ImageObject\",\"inLanguage\":\"es-CO\",\"@id\":\"https:\\\/\\\/hudv.org.au\\\/es\\\/countries\\\/south-america\\\/paraguay\\\/#primaryimage\",\"url\":\"http:\\\/\\\/hudv.org.au\\\/wp-content\\\/uploads\\\/2022\\\/12\\\/dreamstime_xxl_62149887-1024x458.webp\",\"contentUrl\":\"http:\\\/\\\/hudv.org.au\\\/wp-content\\\/uploads\\\/2022\\\/12\\\/dreamstime_xxl_62149887-1024x458.webp\"},{\"@type\":\"BreadcrumbList\",\"@id\":\"https:\\\/\\\/hudv.org.au\\\/es\\\/countries\\\/south-america\\\/paraguay\\\/#breadcrumb\",\"itemListElement\":[{\"@type\":\"ListItem\",\"position\":1,\"name\":\"Home\",\"item\":\"http:\\\/\\\/hudv.org.au\\\/\"},{\"@type\":\"ListItem\",\"position\":2,\"name\":\"Countries\",\"item\":\"https:\\\/\\\/hudv.org.au\\\/countries\\\/\"},{\"@type\":\"ListItem\",\"position\":3,\"name\":\"South America\",\"item\":\"https:\\\/\\\/hudv.org.au\\\/es\\\/countries\\\/south-america\\\/\"},{\"@type\":\"ListItem\",\"position\":4,\"name\":\"Paraguay\"}]},{\"@type\":\"WebSite\",\"@id\":\"http:\\\/\\\/hudv.org.au\\\/#website\",\"url\":\"http:\\\/\\\/hudv.org.au\\\/\",\"name\":\"HUDV\",\"description\":\"Hispanos Unidos de Victoria\",\"potentialAction\":[{\"@type\":\"SearchAction\",\"target\":{\"@type\":\"EntryPoint\",\"urlTemplate\":\"http:\\\/\\\/hudv.org.au\\\/?s={search_term_string}\"},\"query-input\":{\"@type\":\"PropertyValueSpecification\",\"valueRequired\":true,\"valueName\":\"search_term_string\"}}],\"inLanguage\":\"es-CO\"}]}<\/script>\n<!-- \/ Yoast SEO plugin. -->","yoast_head_json":{"title":"Paraguay - HUDV","robots":{"index":"index","follow":"follow","max-snippet":"max-snippet:-1","max-image-preview":"max-image-preview:large","max-video-preview":"max-video-preview:-1"},"canonical":"https:\/\/hudv.org.au\/es\/countries\/south-america\/paraguay\/","og_locale":"es_ES","og_type":"article","og_title":"Paraguay - HUDV","og_url":"https:\/\/hudv.org.au\/es\/countries\/south-america\/paraguay\/","og_site_name":"HUDV","article_modified_time":"2023-09-10T09:14:51+00:00","og_image":[{"url":"http:\/\/hudv.org.au\/wp-content\/uploads\/2022\/12\/dreamstime_xxl_62149887-1024x458.webp","type":"","width":"","height":""}],"twitter_card":"summary_large_image","twitter_misc":{"Tiempo de lectura":"2 minutos"},"schema":{"@context":"https:\/\/schema.org","@graph":[{"@type":"WebPage","@id":"https:\/\/hudv.org.au\/es\/countries\/south-america\/paraguay\/","url":"https:\/\/hudv.org.au\/es\/countries\/south-america\/paraguay\/","name":"Paraguay - HUDV","isPartOf":{"@id":"http:\/\/hudv.org.au\/#website"},"primaryImageOfPage":{"@id":"https:\/\/hudv.org.au\/es\/countries\/south-america\/paraguay\/#primaryimage"},"image":{"@id":"https:\/\/hudv.org.au\/es\/countries\/south-america\/paraguay\/#primaryimage"},"thumbnailUrl":"http:\/\/hudv.org.au\/wp-content\/uploads\/2022\/12\/dreamstime_xxl_62149887-1024x458.webp","datePublished":"2022-12-12T06:09:32+00:00","dateModified":"2023-09-10T09:14:51+00:00","breadcrumb":{"@id":"https:\/\/hudv.org.au\/es\/countries\/south-america\/paraguay\/#breadcrumb"},"inLanguage":"es-CO","potentialAction":[{"@type":"ReadAction","target":["https:\/\/hudv.org.au\/es\/countries\/south-america\/paraguay\/"]}]},{"@type":"ImageObject","inLanguage":"es-CO","@id":"https:\/\/hudv.org.au\/es\/countries\/south-america\/paraguay\/#primaryimage","url":"http:\/\/hudv.org.au\/wp-content\/uploads\/2022\/12\/dreamstime_xxl_62149887-1024x458.webp","contentUrl":"http:\/\/hudv.org.au\/wp-content\/uploads\/2022\/12\/dreamstime_xxl_62149887-1024x458.webp"},{"@type":"BreadcrumbList","@id":"https:\/\/hudv.org.au\/es\/countries\/south-america\/paraguay\/#breadcrumb","itemListElement":[{"@type":"ListItem","position":1,"name":"Home","item":"http:\/\/hudv.org.au\/"},{"@type":"ListItem","position":2,"name":"Countries","item":"https:\/\/hudv.org.au\/countries\/"},{"@type":"ListItem","position":3,"name":"South America","item":"https:\/\/hudv.org.au\/es\/countries\/south-america\/"},{"@type":"ListItem","position":4,"name":"Paraguay"}]},{"@type":"WebSite","@id":"http:\/\/hudv.org.au\/#website","url":"http:\/\/hudv.org.au\/","name":"HUDV","description":"Hispanos Unidos de Victoria","potentialAction":[{"@type":"SearchAction","target":{"@type":"EntryPoint","urlTemplate":"http:\/\/hudv.org.au\/?s={search_term_string}"},"query-input":{"@type":"PropertyValueSpecification","valueRequired":true,"valueName":"search_term_string"}}],"inLanguage":"es-CO"}]}},"jetpack_sharing_enabled":true,"_links":{"self":[{"href":"https:\/\/hudv.org.au\/es\/wp-json\/wp\/v2\/pages\/869","targetHints":{"allow":["GET"]}}],"collection":[{"href":"https:\/\/hudv.org.au\/es\/wp-json\/wp\/v2\/pages"}],"about":[{"href":"https:\/\/hudv.org.au\/es\/wp-json\/wp\/v2\/types\/page"}],"author":[{"embeddable":true,"href":"https:\/\/hudv.org.au\/es\/wp-json\/wp\/v2\/users\/1"}],"replies":[{"embeddable":true,"href":"https:\/\/hudv.org.au\/es\/wp-json\/wp\/v2\/comments?post=869"}],"version-history":[{"count":3,"href":"https:\/\/hudv.org.au\/es\/wp-json\/wp\/v2\/pages\/869\/revisions"}],"predecessor-version":[{"id":1314,"href":"https:\/\/hudv.org.au\/es\/wp-json\/wp\/v2\/pages\/869\/revisions\/1314"}],"up":[{"embeddable":true,"href":"https:\/\/hudv.org.au\/es\/wp-json\/wp\/v2\/pages\/1079"}],"wp:attachment":[{"href":"https:\/\/hudv.org.au\/es\/wp-json\/wp\/v2\/media?parent=869"}],"curies":[{"name":"wp","href":"https:\/\/api.w.org\/{rel}","templated":true}]}}