{"id":895,"date":"2022-12-12T07:08:22","date_gmt":"2022-12-12T07:08:22","guid":{"rendered":"http:\/\/hudv.org.au\/?page_id=895"},"modified":"2026-04-12T08:48:37","modified_gmt":"2026-04-12T08:48:37","slug":"velitas-2022","status":"publish","type":"page","link":"https:\/\/hudv.org.au\/es\/portfolio\/velitas-2022\/","title":{"rendered":"D\u00eda de las Velitas"},"content":{"rendered":"<div data-elementor-type=\"wp-page\" data-elementor-id=\"895\" class=\"elementor elementor-895\">\n\t\t\t\t\t\t<section class=\"elementor-section elementor-top-section elementor-element elementor-element-57bfbeff elementor-section-boxed elementor-section-height-default elementor-section-height-default\" data-id=\"57bfbeff\" data-element_type=\"section\" data-e-type=\"section\" data-settings=\"{&quot;background_background&quot;:&quot;classic&quot;}\">\n\t\t\t\t\t\t\t<div class=\"elementor-background-overlay\"><\/div>\n\t\t\t\t\t\t\t<div class=\"elementor-container elementor-column-gap-default\">\n\t\t\t\t\t<div class=\"elementor-column elementor-col-100 elementor-top-column elementor-element elementor-element-513b00ed\" data-id=\"513b00ed\" data-element_type=\"column\" data-e-type=\"column\">\n\t\t\t<div class=\"elementor-widget-wrap elementor-element-populated\">\n\t\t\t\t\t\t<div class=\"elementor-element elementor-element-3736fc01 elementor-widget elementor-widget-text-editor\" data-id=\"3736fc01\" data-element_type=\"widget\" data-e-type=\"widget\" data-widget_type=\"text-editor.default\">\n\t\t\t\t<div class=\"elementor-widget-container\">\n\t\t\t\t\t\t\t\t\t<p><\/p>\n<p>El D\u00eda de las Velitas es el inicio no oficial de la temporada navide\u00f1a en Colombia. Se celebra el 7 de diciembre, en la v\u00edspera de la Inmaculada Concepci\u00f3n. Es una celebraci\u00f3n llena de alegr\u00eda y luz.<\/p>\n<p>En la noche del d\u00eda 7, familias y amigos se re\u00fanen para encender velas de muchos colores y faroles en sus hogares, parques, centros comerciales y oficinas.<\/p>\n<p>El encendido de las velitas representa los deseos que pedimos para nosotros mismos y para nuestros seres queridos. Es un momento de reflexi\u00f3n, de agradecimiento y de pensar en nuestros primeros deseos para las festividades navide\u00f1as.<\/p>\n<p>Durante estas reuniones, una vez que las velas han sido encendidas y los deseos han sido expresados, las personas aprovechan para compartir tiempo con familiares y amigos, disfrutar de comidas y bebidas tradicionales navide\u00f1as (canelazo, bu\u00f1uelos, natilla, tamales) y planificar los encuentros que se llevar\u00e1n a cabo durante el resto del mes, gracias a las \u201cnovenas\u201d, otra tradici\u00f3n colombiana del mes de diciembre.<\/p>\n<p><\/p>\t\t\t\t\t\t\t\t<\/div>\n\t\t\t\t<\/div>\n\t\t\t\t\t<\/div>\n\t\t<\/div>\n\t\t\t\t\t<\/div>\n\t\t<\/section>\n\t\t\t\t<section class=\"elementor-section elementor-top-section elementor-element elementor-element-5103c2e elementor-section-boxed elementor-section-height-default elementor-section-height-default\" data-id=\"5103c2e\" data-element_type=\"section\" data-e-type=\"section\">\n\t\t\t\t\t\t\t<div class=\"elementor-background-overlay\"><\/div>\n\t\t\t\t\t\t\t<div class=\"elementor-container elementor-column-gap-default\">\n\t\t\t\t\t<div class=\"elementor-column elementor-col-100 elementor-top-column elementor-element elementor-element-633d343\" data-id=\"633d343\" data-element_type=\"column\" data-e-type=\"column\">\n\t\t\t<div class=\"elementor-widget-wrap elementor-element-populated\">\n\t\t\t\t\t\t<div class=\"elementor-element elementor-element-6a7ff5b elementor-pagination-position-inside elementor-arrows-position-inside elementor-widget elementor-widget-image-carousel\" data-id=\"6a7ff5b\" data-element_type=\"widget\" data-e-type=\"widget\" data-settings=\"{&quot;slides_to_show&quot;:&quot;1&quot;,&quot;navigation&quot;:&quot;both&quot;,&quot;autoplay&quot;:&quot;yes&quot;,&quot;pause_on_hover&quot;:&quot;yes&quot;,&quot;pause_on_interaction&quot;:&quot;yes&quot;,&quot;autoplay_speed&quot;:5000,&quot;infinite&quot;:&quot;yes&quot;,&quot;effect&quot;:&quot;slide&quot;,&quot;speed&quot;:500}\" data-widget_type=\"image-carousel.default\">\n\t\t\t\t<div class=\"elementor-widget-container\">\n\t\t\t\t\t\t\t<div class=\"elementor-image-carousel-wrapper swiper\" role=\"region\" aria-roledescription=\"carousel\" aria-label=\"Image Carousel\" dir=\"ltr\">\n\t\t\t<div class=\"elementor-image-carousel swiper-wrapper\" aria-live=\"off\">\n\t\t\t\t\t\t\t\t<div class=\"swiper-slide\" role=\"group\" aria-roledescription=\"slide\" aria-label=\"1 of 16\" data-no-translation-aria-label=\"\"><figure class=\"swiper-slide-inner\"><img decoding=\"async\" class=\"swiper-slide-image\" src=\"https:\/\/i0.wp.com\/hudv.org.au\/wp-content\/uploads\/2023\/09\/IMG_5007-scaled.jpg?fit=2560%2C1920\" alt=\"2021\" \/><\/figure><\/div><div class=\"swiper-slide\" role=\"group\" aria-roledescription=\"slide\" aria-label=\"2 of 16\" data-no-translation-aria-label=\"\"><figure class=\"swiper-slide-inner\"><img decoding=\"async\" class=\"swiper-slide-image\" src=\"https:\/\/i0.wp.com\/hudv.org.au\/wp-content\/uploads\/2022\/12\/317724574_10158607441201883_6380807860375667091_n.jpg?fit=2048%2C1536\" alt=\"2022\" \/><\/figure><\/div><div class=\"swiper-slide\" role=\"group\" aria-roledescription=\"slide\" aria-label=\"3 of 16\" data-no-translation-aria-label=\"\"><figure class=\"swiper-slide-inner\"><img decoding=\"async\" class=\"swiper-slide-image\" src=\"https:\/\/i0.wp.com\/hudv.org.au\/wp-content\/uploads\/2022\/12\/317868316_10158987285207623_2807580073866052452_n.jpg?fit=2048%2C1536\" alt=\"2022\" \/><\/figure><\/div><div class=\"swiper-slide\" role=\"group\" aria-roledescription=\"slide\" aria-label=\"4 of 16\" data-no-translation-aria-label=\"\"><figure class=\"swiper-slide-inner\"><img decoding=\"async\" class=\"swiper-slide-image\" src=\"https:\/\/i0.wp.com\/hudv.org.au\/wp-content\/uploads\/2022\/12\/318090815_10158607438951883_8105904148860437570_n.jpg?fit=720%2C960\" alt=\"2022\" \/><\/figure><\/div><div class=\"swiper-slide\" role=\"group\" aria-roledescription=\"slide\" aria-label=\"5 of 16\" data-no-translation-aria-label=\"\"><figure class=\"swiper-slide-inner\"><img decoding=\"async\" class=\"swiper-slide-image\" src=\"https:\/\/i0.wp.com\/hudv.org.au\/wp-content\/uploads\/2023\/12\/2023_02-scaled.jpg?fit=2560%2C1920\" alt=\"2023\" \/><\/figure><\/div><div class=\"swiper-slide\" role=\"group\" aria-roledescription=\"slide\" aria-label=\"6 of 16\" data-no-translation-aria-label=\"\"><figure class=\"swiper-slide-inner\"><img decoding=\"async\" class=\"swiper-slide-image\" src=\"https:\/\/i0.wp.com\/hudv.org.au\/wp-content\/uploads\/2023\/12\/2023_01-scaled.jpg?fit=2560%2C1920\" alt=\"2023\" \/><\/figure><\/div><div class=\"swiper-slide\" role=\"group\" aria-roledescription=\"slide\" aria-label=\"7 of 16\" data-no-translation-aria-label=\"\"><figure class=\"swiper-slide-inner\"><img decoding=\"async\" class=\"swiper-slide-image\" src=\"https:\/\/i0.wp.com\/hudv.org.au\/wp-content\/uploads\/2023\/12\/2023_03-scaled.jpg?fit=2560%2C1920\" alt=\"2023\" \/><\/figure><\/div><div class=\"swiper-slide\" role=\"group\" aria-roledescription=\"slide\" aria-label=\"8 of 16\" data-no-translation-aria-label=\"\"><figure class=\"swiper-slide-inner\"><img decoding=\"async\" class=\"swiper-slide-image\" src=\"https:\/\/i0.wp.com\/hudv.org.au\/wp-content\/uploads\/2023\/12\/2023_04-scaled.jpg?fit=2560%2C1920\" alt=\"2023\" \/><\/figure><\/div><div class=\"swiper-slide\" role=\"group\" aria-roledescription=\"slide\" aria-label=\"9 of 16\" data-no-translation-aria-label=\"\"><figure class=\"swiper-slide-inner\"><img decoding=\"async\" class=\"swiper-slide-image\" src=\"https:\/\/i0.wp.com\/hudv.org.au\/wp-content\/uploads\/2023\/12\/2023_05-scaled.jpg?fit=2560%2C1920\" alt=\"2023\" \/><\/figure><\/div><div class=\"swiper-slide\" role=\"group\" aria-roledescription=\"slide\" aria-label=\"10 of 16\" data-no-translation-aria-label=\"\"><figure class=\"swiper-slide-inner\"><img decoding=\"async\" class=\"swiper-slide-image\" src=\"https:\/\/i0.wp.com\/hudv.org.au\/wp-content\/uploads\/2023\/12\/2023_06-scaled.jpg?fit=2560%2C1920\" alt=\"2023\" \/><\/figure><\/div><div class=\"swiper-slide\" role=\"group\" aria-roledescription=\"slide\" aria-label=\"11 of 16\" data-no-translation-aria-label=\"\"><figure class=\"swiper-slide-inner\"><img decoding=\"async\" class=\"swiper-slide-image\" src=\"https:\/\/i0.wp.com\/hudv.org.au\/wp-content\/uploads\/2023\/12\/2023_08-scaled.jpg?fit=2560%2C1920\" alt=\"2023\" \/><\/figure><\/div><div class=\"swiper-slide\" role=\"group\" aria-roledescription=\"slide\" aria-label=\"12 of 16\" data-no-translation-aria-label=\"\"><figure class=\"swiper-slide-inner\"><img decoding=\"async\" class=\"swiper-slide-image\" src=\"https:\/\/i0.wp.com\/hudv.org.au\/wp-content\/uploads\/2023\/12\/2023_07-1-scaled.jpg?fit=2560%2C1920\" alt=\"2023\" \/><\/figure><\/div><div class=\"swiper-slide\" role=\"group\" aria-roledescription=\"slide\" aria-label=\"13 of 16\" data-no-translation-aria-label=\"\"><figure class=\"swiper-slide-inner\"><img decoding=\"async\" class=\"swiper-slide-image\" src=\"https:\/\/i0.wp.com\/hudv.org.au\/wp-content\/uploads\/2023\/12\/2023_09-scaled.jpg?fit=2560%2C1920\" alt=\"2023\" \/><\/figure><\/div><div class=\"swiper-slide\" role=\"group\" aria-roledescription=\"slide\" aria-label=\"14 of 16\" data-no-translation-aria-label=\"\"><figure class=\"swiper-slide-inner\"><img decoding=\"async\" class=\"swiper-slide-image\" src=\"https:\/\/i0.wp.com\/hudv.org.au\/wp-content\/uploads\/2023\/12\/2023_11-scaled.jpg?fit=2560%2C1920\" alt=\"2023\" \/><\/figure><\/div><div class=\"swiper-slide\" role=\"group\" aria-roledescription=\"slide\" aria-label=\"15 of 16\" data-no-translation-aria-label=\"\"><figure class=\"swiper-slide-inner\"><img decoding=\"async\" class=\"swiper-slide-image\" src=\"https:\/\/i0.wp.com\/hudv.org.au\/wp-content\/uploads\/2023\/12\/2023_10-scaled.jpg?fit=2560%2C1920\" alt=\"2023\" \/><\/figure><\/div><div class=\"swiper-slide\" role=\"group\" aria-roledescription=\"slide\" aria-label=\"16 of 16\" data-no-translation-aria-label=\"\"><figure class=\"swiper-slide-inner\"><img decoding=\"async\" class=\"swiper-slide-image\" src=\"https:\/\/i0.wp.com\/hudv.org.au\/wp-content\/uploads\/2023\/12\/2023_12-1-scaled.jpg?fit=2560%2C1920\" alt=\"2023\" \/><\/figure><\/div>\t\t\t<\/div>\n\t\t\t\t\t\t\t\t\t\t\t\t<div class=\"elementor-swiper-button elementor-swiper-button-prev\" role=\"button\" tabindex=\"0\">\n\t\t\t\t\t\t<i aria-hidden=\"true\" class=\"eicon-chevron-left\"><\/i>\t\t\t\t\t<\/div>\n\t\t\t\t\t<div class=\"elementor-swiper-button elementor-swiper-button-next\" role=\"button\" tabindex=\"0\">\n\t\t\t\t\t\t<i aria-hidden=\"true\" class=\"eicon-chevron-right\"><\/i>\t\t\t\t\t<\/div>\n\t\t\t\t\n\t\t\t\t\t\t\t\t\t<div class=\"swiper-pagination\"><\/div>\n\t\t\t\t\t\t\t\t\t<\/div>\n\t\t\t\t\t\t<\/div>\n\t\t\t\t<\/div>\n\t\t\t\t\t<\/div>\n\t\t<\/div>\n\t\t\t\t\t<\/div>\n\t\t<\/section>\n\t\t\t\t<\/div>","protected":false},"excerpt":{"rendered":"<p>Little Candles Day is the unofficial start of the Christmas season in Colombia. It is celebrated on December 7 on the eve [&hellip;]<\/p>\n","protected":false},"author":1,"featured_media":0,"parent":494,"menu_order":0,"comment_status":"closed","ping_status":"closed","template":"","meta":{"nf_dc_page":"","om_disable_all_campaigns":false,"footnotes":""},"class_list":["post-895","page","type-page","status-publish","hentry"],"yoast_head":"<!-- This site is optimized with the Yoast SEO plugin v27.4 - https:\/\/yoast.com\/product\/yoast-seo-wordpress\/ -->\n<title>D\u00eda de la Velitas - HUDV<\/title>\n<meta name=\"robots\" content=\"index, follow, max-snippet:-1, max-image-preview:large, max-video-preview:-1\" \/>\n<link rel=\"canonical\" href=\"https:\/\/hudv.org.au\/es\/portfolio\/velitas-2022\/\" \/>\n<meta property=\"og:locale\" content=\"es_ES\" \/>\n<meta property=\"og:type\" content=\"article\" \/>\n<meta property=\"og:title\" content=\"D\u00eda de la Velitas - HUDV\" \/>\n<meta property=\"og:description\" content=\"Little Candles Day is the unofficial start of the Christmas season in Colombia. It is celebrated on December 7 on the eve [&hellip;]\" \/>\n<meta property=\"og:url\" content=\"https:\/\/hudv.org.au\/es\/portfolio\/velitas-2022\/\" \/>\n<meta property=\"og:site_name\" content=\"HUDV\" \/>\n<meta property=\"article:modified_time\" content=\"2026-04-12T08:48:37+00:00\" \/>\n<meta property=\"og:image\" content=\"http:\/\/hudv.org.au\/wp-content\/uploads\/2023\/09\/IMG_5007-scaled.jpg\" \/>\n<meta name=\"twitter:card\" content=\"summary_large_image\" \/>\n<meta name=\"twitter:label1\" content=\"Tiempo de lectura\" \/>\n\t<meta name=\"twitter:data1\" content=\"5 minutos\" \/>\n<script type=\"application\/ld+json\" class=\"yoast-schema-graph\">{\"@context\":\"https:\\\/\\\/schema.org\",\"@graph\":[{\"@type\":\"WebPage\",\"@id\":\"https:\\\/\\\/hudv.org.au\\\/portfolio\\\/velitas-2022\\\/\",\"url\":\"https:\\\/\\\/hudv.org.au\\\/portfolio\\\/velitas-2022\\\/\",\"name\":\"D\u00eda de la Velitas - HUDV\",\"isPartOf\":{\"@id\":\"http:\\\/\\\/hudv.org.au\\\/#website\"},\"primaryImageOfPage\":{\"@id\":\"https:\\\/\\\/hudv.org.au\\\/portfolio\\\/velitas-2022\\\/#primaryimage\"},\"image\":{\"@id\":\"https:\\\/\\\/hudv.org.au\\\/portfolio\\\/velitas-2022\\\/#primaryimage\"},\"thumbnailUrl\":\"http:\\\/\\\/hudv.org.au\\\/wp-content\\\/uploads\\\/2023\\\/09\\\/IMG_5007-scaled.jpg\",\"datePublished\":\"2022-12-12T07:08:22+00:00\",\"dateModified\":\"2026-04-12T08:48:37+00:00\",\"breadcrumb\":{\"@id\":\"https:\\\/\\\/hudv.org.au\\\/portfolio\\\/velitas-2022\\\/#breadcrumb\"},\"inLanguage\":\"es-CO\",\"potentialAction\":[{\"@type\":\"ReadAction\",\"target\":[\"https:\\\/\\\/hudv.org.au\\\/portfolio\\\/velitas-2022\\\/\"]}]},{\"@type\":\"ImageObject\",\"inLanguage\":\"es-CO\",\"@id\":\"https:\\\/\\\/hudv.org.au\\\/portfolio\\\/velitas-2022\\\/#primaryimage\",\"url\":\"http:\\\/\\\/hudv.org.au\\\/wp-content\\\/uploads\\\/2023\\\/09\\\/IMG_5007-scaled.jpg\",\"contentUrl\":\"http:\\\/\\\/hudv.org.au\\\/wp-content\\\/uploads\\\/2023\\\/09\\\/IMG_5007-scaled.jpg\"},{\"@type\":\"BreadcrumbList\",\"@id\":\"https:\\\/\\\/hudv.org.au\\\/portfolio\\\/velitas-2022\\\/#breadcrumb\",\"itemListElement\":[{\"@type\":\"ListItem\",\"position\":1,\"name\":\"Home\",\"item\":\"http:\\\/\\\/hudv.org.au\\\/\"},{\"@type\":\"ListItem\",\"position\":2,\"name\":\"Events\",\"item\":\"https:\\\/\\\/hudv.org.au\\\/portfolio\\\/\"},{\"@type\":\"ListItem\",\"position\":3,\"name\":\"D\u00eda de la Velitas\"}]},{\"@type\":\"WebSite\",\"@id\":\"http:\\\/\\\/hudv.org.au\\\/#website\",\"url\":\"http:\\\/\\\/hudv.org.au\\\/\",\"name\":\"HUDV\",\"description\":\"Hispanos Unidos de Victoria\",\"potentialAction\":[{\"@type\":\"SearchAction\",\"target\":{\"@type\":\"EntryPoint\",\"urlTemplate\":\"http:\\\/\\\/hudv.org.au\\\/?s={search_term_string}\"},\"query-input\":{\"@type\":\"PropertyValueSpecification\",\"valueRequired\":true,\"valueName\":\"search_term_string\"}}],\"inLanguage\":\"es-CO\"}]}<\/script>\n<!-- \/ Yoast SEO plugin. -->","yoast_head_json":{"title":"D\u00eda de la Velitas - HUDV","robots":{"index":"index","follow":"follow","max-snippet":"max-snippet:-1","max-image-preview":"max-image-preview:large","max-video-preview":"max-video-preview:-1"},"canonical":"https:\/\/hudv.org.au\/es\/portfolio\/velitas-2022\/","og_locale":"es_ES","og_type":"article","og_title":"D\u00eda de la Velitas - HUDV","og_description":"Little Candles Day is the unofficial start of the Christmas season in Colombia. It is celebrated on December 7 on the eve [&hellip;]","og_url":"https:\/\/hudv.org.au\/es\/portfolio\/velitas-2022\/","og_site_name":"HUDV","article_modified_time":"2026-04-12T08:48:37+00:00","og_image":[{"url":"http:\/\/hudv.org.au\/wp-content\/uploads\/2023\/09\/IMG_5007-scaled.jpg","type":"","width":"","height":""}],"twitter_card":"summary_large_image","twitter_misc":{"Tiempo de lectura":"5 minutos"},"schema":{"@context":"https:\/\/schema.org","@graph":[{"@type":"WebPage","@id":"https:\/\/hudv.org.au\/portfolio\/velitas-2022\/","url":"https:\/\/hudv.org.au\/portfolio\/velitas-2022\/","name":"D\u00eda de la Velitas - HUDV","isPartOf":{"@id":"http:\/\/hudv.org.au\/#website"},"primaryImageOfPage":{"@id":"https:\/\/hudv.org.au\/portfolio\/velitas-2022\/#primaryimage"},"image":{"@id":"https:\/\/hudv.org.au\/portfolio\/velitas-2022\/#primaryimage"},"thumbnailUrl":"http:\/\/hudv.org.au\/wp-content\/uploads\/2023\/09\/IMG_5007-scaled.jpg","datePublished":"2022-12-12T07:08:22+00:00","dateModified":"2026-04-12T08:48:37+00:00","breadcrumb":{"@id":"https:\/\/hudv.org.au\/portfolio\/velitas-2022\/#breadcrumb"},"inLanguage":"es-CO","potentialAction":[{"@type":"ReadAction","target":["https:\/\/hudv.org.au\/portfolio\/velitas-2022\/"]}]},{"@type":"ImageObject","inLanguage":"es-CO","@id":"https:\/\/hudv.org.au\/portfolio\/velitas-2022\/#primaryimage","url":"http:\/\/hudv.org.au\/wp-content\/uploads\/2023\/09\/IMG_5007-scaled.jpg","contentUrl":"http:\/\/hudv.org.au\/wp-content\/uploads\/2023\/09\/IMG_5007-scaled.jpg"},{"@type":"BreadcrumbList","@id":"https:\/\/hudv.org.au\/portfolio\/velitas-2022\/#breadcrumb","itemListElement":[{"@type":"ListItem","position":1,"name":"Home","item":"http:\/\/hudv.org.au\/"},{"@type":"ListItem","position":2,"name":"Events","item":"https:\/\/hudv.org.au\/portfolio\/"},{"@type":"ListItem","position":3,"name":"D\u00eda de la Velitas"}]},{"@type":"WebSite","@id":"http:\/\/hudv.org.au\/#website","url":"http:\/\/hudv.org.au\/","name":"HUDV","description":"Hispanos Unidos de Victoria","potentialAction":[{"@type":"SearchAction","target":{"@type":"EntryPoint","urlTemplate":"http:\/\/hudv.org.au\/?s={search_term_string}"},"query-input":{"@type":"PropertyValueSpecification","valueRequired":true,"valueName":"search_term_string"}}],"inLanguage":"es-CO"}]}},"jetpack_sharing_enabled":true,"_links":{"self":[{"href":"https:\/\/hudv.org.au\/es\/wp-json\/wp\/v2\/pages\/895","targetHints":{"allow":["GET"]}}],"collection":[{"href":"https:\/\/hudv.org.au\/es\/wp-json\/wp\/v2\/pages"}],"about":[{"href":"https:\/\/hudv.org.au\/es\/wp-json\/wp\/v2\/types\/page"}],"author":[{"embeddable":true,"href":"https:\/\/hudv.org.au\/es\/wp-json\/wp\/v2\/users\/1"}],"replies":[{"embeddable":true,"href":"https:\/\/hudv.org.au\/es\/wp-json\/wp\/v2\/comments?post=895"}],"version-history":[{"count":5,"href":"https:\/\/hudv.org.au\/es\/wp-json\/wp\/v2\/pages\/895\/revisions"}],"predecessor-version":[{"id":2525,"href":"https:\/\/hudv.org.au\/es\/wp-json\/wp\/v2\/pages\/895\/revisions\/2525"}],"up":[{"embeddable":true,"href":"https:\/\/hudv.org.au\/es\/wp-json\/wp\/v2\/pages\/494"}],"wp:attachment":[{"href":"https:\/\/hudv.org.au\/es\/wp-json\/wp\/v2\/media?parent=895"}],"curies":[{"name":"wp","href":"https:\/\/api.w.org\/{rel}","templated":true}]}}