{"id":912,"date":"2022-12-12T08:15:03","date_gmt":"2022-12-12T08:15:03","guid":{"rendered":"http:\/\/hudv.org.au\/?page_id=912"},"modified":"2023-09-10T09:03:09","modified_gmt":"2023-09-10T09:03:09","slug":"equatorial-guinea","status":"publish","type":"page","link":"https:\/\/hudv.org.au\/es\/countries\/africa\/equatorial-guinea\/","title":{"rendered":"Guinea Ecuatorial"},"content":{"rendered":"<div class=\"wp-block-cover is-light\"><span aria-hidden=\"true\" class=\"wp-block-cover__background has-background-dim\"><\/span><img data-recalc-dims=\"1\" fetchpriority=\"high\" decoding=\"async\" width=\"1024\" height=\"585\" class=\"wp-block-cover__image-background wp-image-913\" alt=\"\" src=\"https:\/\/i0.wp.com\/hudv.org.au\/wp-content\/uploads\/2022\/12\/Think-EquatorialGuinea-537548765-alarico-copy.jpg?resize=1024%2C585\" data-object-fit=\"cover\" srcset=\"https:\/\/i0.wp.com\/hudv.org.au\/wp-content\/uploads\/2022\/12\/Think-EquatorialGuinea-537548765-alarico-copy.jpg?resize=1024%2C585&amp;ssl=1 1024w, https:\/\/i0.wp.com\/hudv.org.au\/wp-content\/uploads\/2022\/12\/Think-EquatorialGuinea-537548765-alarico-copy.jpg?resize=300%2C171&amp;ssl=1 300w, https:\/\/i0.wp.com\/hudv.org.au\/wp-content\/uploads\/2022\/12\/Think-EquatorialGuinea-537548765-alarico-copy.jpg?resize=768%2C439&amp;ssl=1 768w, https:\/\/i0.wp.com\/hudv.org.au\/wp-content\/uploads\/2022\/12\/Think-EquatorialGuinea-537548765-alarico-copy.jpg?resize=1000%2C572&amp;ssl=1 1000w, https:\/\/i0.wp.com\/hudv.org.au\/wp-content\/uploads\/2022\/12\/Think-EquatorialGuinea-537548765-alarico-copy.jpg?resize=230%2C131&amp;ssl=1 230w, https:\/\/i0.wp.com\/hudv.org.au\/wp-content\/uploads\/2022\/12\/Think-EquatorialGuinea-537548765-alarico-copy.jpg?resize=350%2C200&amp;ssl=1 350w, https:\/\/i0.wp.com\/hudv.org.au\/wp-content\/uploads\/2022\/12\/Think-EquatorialGuinea-537548765-alarico-copy.jpg?resize=480%2C274&amp;ssl=1 480w, https:\/\/i0.wp.com\/hudv.org.au\/wp-content\/uploads\/2022\/12\/Think-EquatorialGuinea-537548765-alarico-copy.jpg?w=1440&amp;ssl=1 1440w\" sizes=\"(max-width: 1024px) 100vw, 1024px\" \/><div class=\"wp-block-cover__inner-container is-layout-flow wp-block-cover-is-layout-flow\">\n<p class=\"has-text-align-center has-large-font-size\"><\/p>\n\n\n\n<figure class=\"wp-block-image size-full is-resized\"><img data-recalc-dims=\"1\" decoding=\"async\" src=\"https:\/\/i0.wp.com\/hudv.org.au\/wp-content\/uploads\/2022\/12\/Equatorial-guinea.jpg?resize=111%2C65\" alt=\"\" class=\"wp-image-1031\" width=\"111\" height=\"65\" srcset=\"https:\/\/i0.wp.com\/hudv.org.au\/wp-content\/uploads\/2022\/12\/Equatorial-guinea.jpg?w=293&amp;ssl=1 293w, https:\/\/i0.wp.com\/hudv.org.au\/wp-content\/uploads\/2022\/12\/Equatorial-guinea.jpg?resize=230%2C135&amp;ssl=1 230w\" sizes=\"(max-width: 111px) 100vw, 111px\" \/><figcaption class=\"wp-element-caption\"><gwmw style=\"display:none;\"><\/figcaption><\/figure>\n\n\n\n<p class=\"has-white-color has-text-color\">Nombre Oficial: Rep\u00fablica de Guinea Ecuatorial&nbsp;<\/p>\n\n\n\n<p class=\"has-white-color has-text-color\">Caiptal: Malabo&nbsp;<\/p>\n\n\n\n<p class=\"has-white-color has-text-color\">Poblaci\u00f3n: 1'679,172 (2022 est.)\u00a0<gwmw style=\"display:none;\"><\/p>\n\n\n\n<p class=\"has-white-color has-text-color\">Tama\u00f1o: Es el pa\u00eds n\u00famero 141 m\u00e1s grande del mundo (10,830 km2)<\/p>\n\n\n\n<p class=\"has-white-color has-text-color\">Is the only country in Africa to have Spanish as an official language.&nbsp;<\/p>\n\n\n\n<p class=\"has-white-color has-text-color\">Malabo is on the island of Bioko which is 160km northwest of its mainland.&nbsp;<\/p>\n\n\n\n<p class=\"has-white-color has-text-color\">Is planning on moving its capital to Ciudad de la Paz, formerly known as Oyala, on the mainland once construction is completed.&nbsp;&nbsp;<\/p>\n\n\n\n<p class=\"has-white-color has-text-color\">Has the highest adult literacy rate of the entire Sub-Saharan Africa.&nbsp;<\/p>\n\n\n\n<p class=\"has-white-color has-text-color\">Goliath frogs, largest frogs in the world, make their home here. They can grow up to 34cm long and weigh over 3.2kg.&nbsp;<\/p>\n\n\n\n<p class=\"has-white-color has-text-color\">Its president has been in office since 1979.&nbsp;<\/p>\n\n\n\n<p class=\"has-white-color has-text-color\">The blue of the flag stands for the sea, the green for vegetation, the white for peace and the red for the blood shed during the liberation struggle.&nbsp;<\/p>\n\n\n\n<p class=\"has-white-color has-text-color\">The national coat of arms is in the centre.<\/p>\n<\/div><\/div>","protected":false},"excerpt":{"rendered":"","protected":false},"author":1,"featured_media":0,"parent":1080,"menu_order":0,"comment_status":"closed","ping_status":"closed","template":"","meta":{"nf_dc_page":"","om_disable_all_campaigns":false,"footnotes":""},"class_list":["post-912","page","type-page","status-publish","hentry"],"yoast_head":"<!-- This site is optimized with the Yoast SEO plugin v27.4 - https:\/\/yoast.com\/product\/yoast-seo-wordpress\/ -->\n<title>Guinea Ecuatorial - HUDV<\/title>\n<meta name=\"robots\" content=\"index, follow, max-snippet:-1, max-image-preview:large, max-video-preview:-1\" \/>\n<link rel=\"canonical\" href=\"https:\/\/hudv.org.au\/es\/countries\/africa\/equatorial-guinea\/\" \/>\n<meta property=\"og:locale\" content=\"es_ES\" \/>\n<meta property=\"og:type\" content=\"article\" \/>\n<meta property=\"og:title\" content=\"Guinea Ecuatorial - HUDV\" \/>\n<meta property=\"og:url\" content=\"https:\/\/hudv.org.au\/es\/countries\/africa\/equatorial-guinea\/\" \/>\n<meta property=\"og:site_name\" content=\"HUDV\" \/>\n<meta property=\"article:modified_time\" content=\"2023-09-10T09:03:09+00:00\" \/>\n<meta property=\"og:image\" content=\"http:\/\/hudv.org.au\/wp-content\/uploads\/2022\/12\/Think-EquatorialGuinea-537548765-alarico-copy-1024x585.jpg\" \/>\n<meta name=\"twitter:card\" content=\"summary_large_image\" \/>\n<meta name=\"twitter:label1\" content=\"Tiempo de lectura\" \/>\n\t<meta name=\"twitter:data1\" content=\"2 minutos\" \/>\n<script type=\"application\/ld+json\" class=\"yoast-schema-graph\">{\"@context\":\"https:\\\/\\\/schema.org\",\"@graph\":[{\"@type\":\"WebPage\",\"@id\":\"https:\\\/\\\/hudv.org.au\\\/countries\\\/africa\\\/equatorial-guinea\\\/\",\"url\":\"https:\\\/\\\/hudv.org.au\\\/countries\\\/africa\\\/equatorial-guinea\\\/\",\"name\":\"Guinea Ecuatorial - HUDV\",\"isPartOf\":{\"@id\":\"http:\\\/\\\/hudv.org.au\\\/#website\"},\"primaryImageOfPage\":{\"@id\":\"https:\\\/\\\/hudv.org.au\\\/countries\\\/africa\\\/equatorial-guinea\\\/#primaryimage\"},\"image\":{\"@id\":\"https:\\\/\\\/hudv.org.au\\\/countries\\\/africa\\\/equatorial-guinea\\\/#primaryimage\"},\"thumbnailUrl\":\"http:\\\/\\\/hudv.org.au\\\/wp-content\\\/uploads\\\/2022\\\/12\\\/Think-EquatorialGuinea-537548765-alarico-copy-1024x585.jpg\",\"datePublished\":\"2022-12-12T08:15:03+00:00\",\"dateModified\":\"2023-09-10T09:03:09+00:00\",\"breadcrumb\":{\"@id\":\"https:\\\/\\\/hudv.org.au\\\/countries\\\/africa\\\/equatorial-guinea\\\/#breadcrumb\"},\"inLanguage\":\"es-CO\",\"potentialAction\":[{\"@type\":\"ReadAction\",\"target\":[\"https:\\\/\\\/hudv.org.au\\\/countries\\\/africa\\\/equatorial-guinea\\\/\"]}]},{\"@type\":\"ImageObject\",\"inLanguage\":\"es-CO\",\"@id\":\"https:\\\/\\\/hudv.org.au\\\/countries\\\/africa\\\/equatorial-guinea\\\/#primaryimage\",\"url\":\"http:\\\/\\\/hudv.org.au\\\/wp-content\\\/uploads\\\/2022\\\/12\\\/Think-EquatorialGuinea-537548765-alarico-copy-1024x585.jpg\",\"contentUrl\":\"http:\\\/\\\/hudv.org.au\\\/wp-content\\\/uploads\\\/2022\\\/12\\\/Think-EquatorialGuinea-537548765-alarico-copy-1024x585.jpg\"},{\"@type\":\"BreadcrumbList\",\"@id\":\"https:\\\/\\\/hudv.org.au\\\/countries\\\/africa\\\/equatorial-guinea\\\/#breadcrumb\",\"itemListElement\":[{\"@type\":\"ListItem\",\"position\":1,\"name\":\"Home\",\"item\":\"http:\\\/\\\/hudv.org.au\\\/\"},{\"@type\":\"ListItem\",\"position\":2,\"name\":\"Countries\",\"item\":\"https:\\\/\\\/hudv.org.au\\\/countries\\\/\"},{\"@type\":\"ListItem\",\"position\":3,\"name\":\"Africa\",\"item\":\"https:\\\/\\\/hudv.org.au\\\/countries\\\/africa\\\/\"},{\"@type\":\"ListItem\",\"position\":4,\"name\":\"Guinea Ecuatorial\"}]},{\"@type\":\"WebSite\",\"@id\":\"http:\\\/\\\/hudv.org.au\\\/#website\",\"url\":\"http:\\\/\\\/hudv.org.au\\\/\",\"name\":\"HUDV\",\"description\":\"Hispanos Unidos de Victoria\",\"potentialAction\":[{\"@type\":\"SearchAction\",\"target\":{\"@type\":\"EntryPoint\",\"urlTemplate\":\"http:\\\/\\\/hudv.org.au\\\/?s={search_term_string}\"},\"query-input\":{\"@type\":\"PropertyValueSpecification\",\"valueRequired\":true,\"valueName\":\"search_term_string\"}}],\"inLanguage\":\"es-CO\"}]}<\/script>\n<!-- \/ Yoast SEO plugin. -->","yoast_head_json":{"title":"Guinea Ecuatorial - HUDV","robots":{"index":"index","follow":"follow","max-snippet":"max-snippet:-1","max-image-preview":"max-image-preview:large","max-video-preview":"max-video-preview:-1"},"canonical":"https:\/\/hudv.org.au\/es\/countries\/africa\/equatorial-guinea\/","og_locale":"es_ES","og_type":"article","og_title":"Guinea Ecuatorial - HUDV","og_url":"https:\/\/hudv.org.au\/es\/countries\/africa\/equatorial-guinea\/","og_site_name":"HUDV","article_modified_time":"2023-09-10T09:03:09+00:00","og_image":[{"url":"http:\/\/hudv.org.au\/wp-content\/uploads\/2022\/12\/Think-EquatorialGuinea-537548765-alarico-copy-1024x585.jpg","type":"","width":"","height":""}],"twitter_card":"summary_large_image","twitter_misc":{"Tiempo de lectura":"2 minutos"},"schema":{"@context":"https:\/\/schema.org","@graph":[{"@type":"WebPage","@id":"https:\/\/hudv.org.au\/countries\/africa\/equatorial-guinea\/","url":"https:\/\/hudv.org.au\/countries\/africa\/equatorial-guinea\/","name":"Guinea Ecuatorial - HUDV","isPartOf":{"@id":"http:\/\/hudv.org.au\/#website"},"primaryImageOfPage":{"@id":"https:\/\/hudv.org.au\/countries\/africa\/equatorial-guinea\/#primaryimage"},"image":{"@id":"https:\/\/hudv.org.au\/countries\/africa\/equatorial-guinea\/#primaryimage"},"thumbnailUrl":"http:\/\/hudv.org.au\/wp-content\/uploads\/2022\/12\/Think-EquatorialGuinea-537548765-alarico-copy-1024x585.jpg","datePublished":"2022-12-12T08:15:03+00:00","dateModified":"2023-09-10T09:03:09+00:00","breadcrumb":{"@id":"https:\/\/hudv.org.au\/countries\/africa\/equatorial-guinea\/#breadcrumb"},"inLanguage":"es-CO","potentialAction":[{"@type":"ReadAction","target":["https:\/\/hudv.org.au\/countries\/africa\/equatorial-guinea\/"]}]},{"@type":"ImageObject","inLanguage":"es-CO","@id":"https:\/\/hudv.org.au\/countries\/africa\/equatorial-guinea\/#primaryimage","url":"http:\/\/hudv.org.au\/wp-content\/uploads\/2022\/12\/Think-EquatorialGuinea-537548765-alarico-copy-1024x585.jpg","contentUrl":"http:\/\/hudv.org.au\/wp-content\/uploads\/2022\/12\/Think-EquatorialGuinea-537548765-alarico-copy-1024x585.jpg"},{"@type":"BreadcrumbList","@id":"https:\/\/hudv.org.au\/countries\/africa\/equatorial-guinea\/#breadcrumb","itemListElement":[{"@type":"ListItem","position":1,"name":"Home","item":"http:\/\/hudv.org.au\/"},{"@type":"ListItem","position":2,"name":"Countries","item":"https:\/\/hudv.org.au\/countries\/"},{"@type":"ListItem","position":3,"name":"Africa","item":"https:\/\/hudv.org.au\/countries\/africa\/"},{"@type":"ListItem","position":4,"name":"Guinea Ecuatorial"}]},{"@type":"WebSite","@id":"http:\/\/hudv.org.au\/#website","url":"http:\/\/hudv.org.au\/","name":"HUDV","description":"Hispanos Unidos de Victoria","potentialAction":[{"@type":"SearchAction","target":{"@type":"EntryPoint","urlTemplate":"http:\/\/hudv.org.au\/?s={search_term_string}"},"query-input":{"@type":"PropertyValueSpecification","valueRequired":true,"valueName":"search_term_string"}}],"inLanguage":"es-CO"}]}},"jetpack_sharing_enabled":true,"_links":{"self":[{"href":"https:\/\/hudv.org.au\/es\/wp-json\/wp\/v2\/pages\/912","targetHints":{"allow":["GET"]}}],"collection":[{"href":"https:\/\/hudv.org.au\/es\/wp-json\/wp\/v2\/pages"}],"about":[{"href":"https:\/\/hudv.org.au\/es\/wp-json\/wp\/v2\/types\/page"}],"author":[{"embeddable":true,"href":"https:\/\/hudv.org.au\/es\/wp-json\/wp\/v2\/users\/1"}],"replies":[{"embeddable":true,"href":"https:\/\/hudv.org.au\/es\/wp-json\/wp\/v2\/comments?post=912"}],"version-history":[{"count":3,"href":"https:\/\/hudv.org.au\/es\/wp-json\/wp\/v2\/pages\/912\/revisions"}],"predecessor-version":[{"id":1294,"href":"https:\/\/hudv.org.au\/es\/wp-json\/wp\/v2\/pages\/912\/revisions\/1294"}],"up":[{"embeddable":true,"href":"https:\/\/hudv.org.au\/es\/wp-json\/wp\/v2\/pages\/1080"}],"wp:attachment":[{"href":"https:\/\/hudv.org.au\/es\/wp-json\/wp\/v2\/media?parent=912"}],"curies":[{"name":"wp","href":"https:\/\/api.w.org\/{rel}","templated":true}]}}