{"id":915,"date":"2022-12-12T08:16:08","date_gmt":"2022-12-12T08:16:08","guid":{"rendered":"http:\/\/hudv.org.au\/?page_id=915"},"modified":"2026-04-12T11:08:14","modified_gmt":"2026-04-12T11:08:14","slug":"day-of-the-death","status":"publish","type":"page","link":"https:\/\/hudv.org.au\/es\/portfolio\/day-of-the-death\/","title":{"rendered":"D\u00eda de los Muertos"},"content":{"rendered":"<div data-elementor-type=\"wp-page\" data-elementor-id=\"915\" class=\"elementor elementor-915\">\n\t\t\t\t\t\t<section class=\"elementor-section elementor-top-section elementor-element elementor-element-1aef1db elementor-section-boxed elementor-section-height-default elementor-section-height-default\" data-id=\"1aef1db\" data-element_type=\"section\" data-e-type=\"section\" data-settings=\"{&quot;background_background&quot;:&quot;classic&quot;}\">\n\t\t\t\t\t\t\t<div class=\"elementor-background-overlay\"><\/div>\n\t\t\t\t\t\t\t<div class=\"elementor-container elementor-column-gap-default\">\n\t\t\t\t\t<div class=\"elementor-column elementor-col-100 elementor-top-column elementor-element elementor-element-1d68ff2\" data-id=\"1d68ff2\" data-element_type=\"column\" data-e-type=\"column\">\n\t\t\t<div class=\"elementor-widget-wrap elementor-element-populated\">\n\t\t\t\t\t\t<div class=\"elementor-element elementor-element-d5efa91 elementor-widget elementor-widget-text-editor\" data-id=\"d5efa91\" data-element_type=\"widget\" data-e-type=\"widget\" data-widget_type=\"text-editor.default\">\n\t\t\t\t<div class=\"elementor-widget-container\">\n\t\t\t\t\t\t\t\t\t<p class=\"wp-block-verse has-medium-font-size\" style=\"color: #ffffff; font-size: var(--wp--preset--font-size--medium) !important;\">El D\u00eda de los Muertos, una celebraci\u00f3n mexicana, es un d\u00eda para celebrar, recordar y preparar alimentos especiales en honor a quienes han partido.&nbsp;<\/p>\n<p class=\"wp-block-verse has-medium-font-size\" style=\"color: #ffffff; font-size: var(--wp--preset--font-size--medium) !important;\">En este d\u00eda, en M\u00e9xico, las calles cercanas a los cementerios se llenan de decoraciones de papel picado, flores, calaveras de dulce (esqueletos y cr\u00e1neos) y desfiles. Incluso los cementerios se decoran para esta ocasi\u00f3n especial.&nbsp;<\/p>\n<p class=\"wp-block-verse has-medium-font-size\" style=\"color: #ffffff; font-size: var(--wp--preset--font-size--medium) !important;\">Se cree que los esp\u00edritus de los difuntos visitan a sus familias durante la madrugada y se despiden al anochecer del 2 de noviembre.&nbsp;<\/p>\n<p class=\"wp-block-verse has-medium-font-size\" style=\"color: #ffffff; font-size: var(--wp--preset--font-size--medium) !important;\">Para celebrar, las familias elaboran altares y colocan ofrendas en sus hogares y\/o en los cementerios. Estas ofrendas incluyen alimentos como el pan de muerto, horneado en formas de cr\u00e1neos y figuras, velas, incienso, flores amarillas de cempas\u00fachil (tambi\u00e9n escrito zempas\u00fachil) y, lo m\u00e1s importante, una fotograf\u00eda del alma fallecida, que se coloca en el altar.&nbsp;<\/p>\n<p class=\"wp-block-verse has-medium-font-size\" style=\"color: #ffffff; font-size: var(--wp--preset--font-size--medium) !important;\">Vivir junto a la muerte ha llevado a los mexicanos a aceptarla como parte de la vida. La muerte est\u00e1 presente en la vida cotidiana: en el arte e incluso en los juguetes infantiles.&nbsp;<\/p>\n<p class=\"wp-block-verse has-medium-font-size\" style=\"color: #ffffff; font-size: var(--wp--preset--font-size--medium) !important;\">A la muerte se le pierde el miedo y hasta se le r\u00ede de frente. Se utilizan muchos eufemismos para referirse a ella, como la calaca, la pelona, la flaca y la huesuda.&nbsp;<\/p>\n<p class=\"wp-block-verse has-medium-font-size\" style=\"color: #ffffff; font-size: var(--wp--preset--font-size--medium) !important;\">Existen refranes, dichos y poemas populares asociados al D\u00eda de los Muertos. Estos dichos suelen perder su significado al traducirse. Por ejemplo, \u201cLa muerte es flaca y no puede conmigo\u201d significa que la muerte es d\u00e9bil y no puede con la persona.&nbsp;<\/p>\n<p class=\"wp-block-verse has-medium-font-size\" style=\"color: #ffffff; font-size: var(--wp--preset--font-size--medium) !important;\">Las calaveras se decoran con colores brillantes y llevan el nombre del difunto inscrito en la frente. Los ni\u00f1os, llevando flores de cempas\u00fachil, disfrutan de las procesiones hacia el cementerio. All\u00ed se toca m\u00fasica y se baila para honrar a los esp\u00edritus.&nbsp;<\/p>\n<p class=\"wp-block-verse has-medium-font-size\" style=\"color: #ffffff; font-size: var(--wp--preset--font-size--medium) !important;\">Aunque es una celebraci\u00f3n originaria de M\u00e9xico, es una festividad que puede personalizarse e integrarse a las propias creencias religiosas y culturales. Es m\u00e1s una celebraci\u00f3n cultural que religiosa. Es una manera maravillosa de recordar a nuestros seres queridos que ya no est\u00e1n: a trav\u00e9s del arte, la cocina, la m\u00fasica y la creaci\u00f3n de ofrendas, podemos compartir historias familiares, momentos felices y lecciones aprendidas\u2026 no c\u00f3mo muri\u00f3 la persona, sino c\u00f3mo vivi\u00f3.&nbsp;<\/p>\n<p class=\"wp-block-verse has-medium-font-size\" style=\"color: #ffffff; font-size: var(--wp--preset--font-size--medium) !important;\">Las calaveras de az\u00facar representan a un alma fallecida. Llevan su nombre escrito en la frente y se colocan en la ofrenda del hogar o sobre la tumba para honrar el regreso de ese esp\u00edritu en particular. El arte de las calaveras de az\u00facar refleja el estilo del arte popular: grandes sonrisas alegres, glaseado colorido y adornos brillantes de papel met\u00e1lico y escarcha. Adem\u00e1s, no es necesario estar muerto para tener tu nombre en una calavera de az\u00facar: es parte de la diversi\u00f3n.<\/p>\n<p><\/p>\n<gwmw style=\"display:none;\"><\/gwmw>\t\t\t\t\t\t\t\t<\/div>\n\t\t\t\t<\/div>\n\t\t\t\t\t<\/div>\n\t\t<\/div>\n\t\t\t\t\t<\/div>\n\t\t<\/section>\n\t\t\t\t<section class=\"elementor-section elementor-top-section elementor-element elementor-element-895d8f1 elementor-section-boxed elementor-section-height-default elementor-section-height-default\" data-id=\"895d8f1\" data-element_type=\"section\" data-e-type=\"section\" data-settings=\"{&quot;background_background&quot;:&quot;classic&quot;}\">\n\t\t\t\t\t\t<div class=\"elementor-container elementor-column-gap-default\">\n\t\t\t\t\t<div class=\"elementor-column elementor-col-100 elementor-top-column elementor-element elementor-element-4e00898\" data-id=\"4e00898\" data-element_type=\"column\" data-e-type=\"column\">\n\t\t\t<div class=\"elementor-widget-wrap elementor-element-populated\">\n\t\t\t\t\t\t<div class=\"elementor-element elementor-element-0aba20e elementor-arrows-position-inside elementor-pagination-position-outside elementor-widget elementor-widget-image-carousel\" data-id=\"0aba20e\" data-element_type=\"widget\" data-e-type=\"widget\" data-settings=\"{&quot;slides_to_show&quot;:&quot;1&quot;,&quot;navigation&quot;:&quot;both&quot;,&quot;autoplay&quot;:&quot;yes&quot;,&quot;pause_on_hover&quot;:&quot;yes&quot;,&quot;pause_on_interaction&quot;:&quot;yes&quot;,&quot;autoplay_speed&quot;:5000,&quot;infinite&quot;:&quot;yes&quot;,&quot;effect&quot;:&quot;slide&quot;,&quot;speed&quot;:500}\" data-widget_type=\"image-carousel.default\">\n\t\t\t\t<div class=\"elementor-widget-container\">\n\t\t\t\t\t\t\t<div class=\"elementor-image-carousel-wrapper swiper\" role=\"region\" aria-roledescription=\"carousel\" aria-label=\"Image Carousel\" dir=\"ltr\">\n\t\t\t<div class=\"elementor-image-carousel swiper-wrapper swiper-image-stretch\" aria-live=\"off\">\n\t\t\t\t\t\t\t\t<div class=\"swiper-slide\" role=\"group\" aria-roledescription=\"slide\" aria-label=\"1 of 26\" data-no-translation-aria-label=\"\"><figure class=\"swiper-slide-inner\"><img decoding=\"async\" class=\"swiper-slide-image\" src=\"https:\/\/i0.wp.com\/hudv.org.au\/wp-content\/uploads\/2023\/09\/Day-of-the-Death-HUDV.jpg?fit=750%2C1000\" alt=\"Day of the Death - HUDV\" \/><\/figure><\/div><div class=\"swiper-slide\" role=\"group\" aria-roledescription=\"slide\" aria-label=\"2 of 26\" data-no-translation-aria-label=\"\"><figure class=\"swiper-slide-inner\"><img decoding=\"async\" class=\"swiper-slide-image\" src=\"https:\/\/i0.wp.com\/hudv.org.au\/wp-content\/uploads\/2023\/09\/Dia-de-los-muertos-HUDV-scaled.jpg?fit=1439%2C2560\" alt=\"Dia de los muertos - HUDV\" \/><\/figure><\/div><div class=\"swiper-slide\" role=\"group\" aria-roledescription=\"slide\" aria-label=\"3 of 26\" data-no-translation-aria-label=\"\"><figure class=\"swiper-slide-inner\"><img decoding=\"async\" class=\"swiper-slide-image\" src=\"https:\/\/i0.wp.com\/hudv.org.au\/wp-content\/uploads\/2023\/09\/45398382_10212531876160275_1240780158772707328_n.jpg?fit=720%2C960\" alt=\"45398382_10212531876160275_1240780158772707328_n\" \/><\/figure><\/div><div class=\"swiper-slide\" role=\"group\" aria-roledescription=\"slide\" aria-label=\"4 of 26\" data-no-translation-aria-label=\"\"><figure class=\"swiper-slide-inner\"><img decoding=\"async\" class=\"swiper-slide-image\" src=\"https:\/\/i0.wp.com\/hudv.org.au\/wp-content\/uploads\/2023\/09\/45339274_686171491764828_6397648314774323200_n.jpg?fit=720%2C1278\" alt=\"45339274_686171491764828_6397648314774323200_n\" \/><\/figure><\/div><div class=\"swiper-slide\" role=\"group\" aria-roledescription=\"slide\" aria-label=\"5 of 26\" data-no-translation-aria-label=\"\"><figure class=\"swiper-slide-inner\"><img decoding=\"async\" class=\"swiper-slide-image\" src=\"https:\/\/i0.wp.com\/hudv.org.au\/wp-content\/uploads\/2023\/09\/45391913_686140085101302_7361761717019213824_n.jpg?fit=780%2C1040\" alt=\"45391913_686140085101302_7361761717019213824_n\" \/><\/figure><\/div><div class=\"swiper-slide\" role=\"group\" aria-roledescription=\"slide\" aria-label=\"6 of 26\" data-no-translation-aria-label=\"\"><figure class=\"swiper-slide-inner\"><img decoding=\"async\" class=\"swiper-slide-image\" src=\"https:\/\/i0.wp.com\/hudv.org.au\/wp-content\/uploads\/2023\/09\/73413158_2578377609052869_3758141189098831872_n.jpg?fit=720%2C960\" alt=\"73413158_2578377609052869_3758141189098831872_n\" \/><\/figure><\/div><div class=\"swiper-slide\" role=\"group\" aria-roledescription=\"slide\" aria-label=\"7 of 26\" data-no-translation-aria-label=\"\"><figure class=\"swiper-slide-inner\"><img decoding=\"async\" class=\"swiper-slide-image\" src=\"https:\/\/i0.wp.com\/hudv.org.au\/wp-content\/uploads\/2023\/09\/IMG_0165.jpg?fit=1148%2C2040\" alt=\"IMG_0165\" \/><\/figure><\/div><div class=\"swiper-slide\" role=\"group\" aria-roledescription=\"slide\" aria-label=\"8 of 26\" data-no-translation-aria-label=\"\"><figure class=\"swiper-slide-inner\"><img decoding=\"async\" class=\"swiper-slide-image\" src=\"https:\/\/i0.wp.com\/hudv.org.au\/wp-content\/uploads\/2023\/09\/IMG_0184.jpg?fit=1148%2C2040\" alt=\"IMG_0184\" \/><\/figure><\/div><div class=\"swiper-slide\" role=\"group\" aria-roledescription=\"slide\" aria-label=\"9 of 26\" data-no-translation-aria-label=\"\"><figure class=\"swiper-slide-inner\"><img decoding=\"async\" class=\"swiper-slide-image\" src=\"https:\/\/i0.wp.com\/hudv.org.au\/wp-content\/uploads\/2023\/09\/IMG_0188.jpg?fit=1148%2C2040\" alt=\"IMG_0188\" \/><\/figure><\/div><div class=\"swiper-slide\" role=\"group\" aria-roledescription=\"slide\" aria-label=\"10 of 26\" data-no-translation-aria-label=\"\"><figure class=\"swiper-slide-inner\"><img decoding=\"async\" class=\"swiper-slide-image\" src=\"https:\/\/i0.wp.com\/hudv.org.au\/wp-content\/uploads\/2023\/09\/IMG_0189.jpg?fit=1148%2C2040\" alt=\"IMG_0189\" \/><\/figure><\/div><div class=\"swiper-slide\" role=\"group\" aria-roledescription=\"slide\" aria-label=\"11 of 26\" data-no-translation-aria-label=\"\"><figure class=\"swiper-slide-inner\"><img decoding=\"async\" class=\"swiper-slide-image\" src=\"https:\/\/i0.wp.com\/hudv.org.au\/wp-content\/uploads\/2023\/09\/IMG_0190.jpg?fit=1296%2C1728\" alt=\"IMG_0190\" \/><\/figure><\/div><div class=\"swiper-slide\" role=\"group\" aria-roledescription=\"slide\" aria-label=\"12 of 26\" data-no-translation-aria-label=\"\"><figure class=\"swiper-slide-inner\"><img decoding=\"async\" class=\"swiper-slide-image\" src=\"https:\/\/i0.wp.com\/hudv.org.au\/wp-content\/uploads\/2023\/09\/IMG_0192.jpg?fit=1296%2C1728\" alt=\"IMG_0192\" \/><\/figure><\/div><div class=\"swiper-slide\" role=\"group\" aria-roledescription=\"slide\" aria-label=\"13 of 26\" data-no-translation-aria-label=\"\"><figure class=\"swiper-slide-inner\"><img decoding=\"async\" class=\"swiper-slide-image\" src=\"https:\/\/i0.wp.com\/hudv.org.au\/wp-content\/uploads\/2023\/09\/IMG_0193.jpg?fit=1296%2C1728\" alt=\"IMG_0193\" \/><\/figure><\/div><div class=\"swiper-slide\" role=\"group\" aria-roledescription=\"slide\" aria-label=\"14 of 26\" data-no-translation-aria-label=\"\"><figure class=\"swiper-slide-inner\"><img decoding=\"async\" class=\"swiper-slide-image\" src=\"https:\/\/i0.wp.com\/hudv.org.au\/wp-content\/uploads\/2023\/09\/IMG_0194.jpg?fit=1728%2C1296\" alt=\"IMG_0194\" \/><\/figure><\/div><div class=\"swiper-slide\" role=\"group\" aria-roledescription=\"slide\" aria-label=\"15 of 26\" data-no-translation-aria-label=\"\"><figure class=\"swiper-slide-inner\"><img decoding=\"async\" class=\"swiper-slide-image\" src=\"https:\/\/i0.wp.com\/hudv.org.au\/wp-content\/uploads\/2023\/09\/IMG_0166.jpg?fit=1148%2C2040\" alt=\"IMG_0166\" \/><\/figure><\/div><div class=\"swiper-slide\" role=\"group\" aria-roledescription=\"slide\" aria-label=\"16 of 26\" data-no-translation-aria-label=\"\"><figure class=\"swiper-slide-inner\"><img decoding=\"async\" class=\"swiper-slide-image\" src=\"https:\/\/i0.wp.com\/hudv.org.au\/wp-content\/uploads\/2023\/09\/IMG_4743-scaled.jpg?fit=1920%2C2560\" alt=\"IMG_4743\" \/><\/figure><\/div><div class=\"swiper-slide\" role=\"group\" aria-roledescription=\"slide\" aria-label=\"17 of 26\" data-no-translation-aria-label=\"\"><figure class=\"swiper-slide-inner\"><img decoding=\"async\" class=\"swiper-slide-image\" src=\"https:\/\/i0.wp.com\/hudv.org.au\/wp-content\/uploads\/2023\/09\/IMG_4746-scaled.jpg?fit=1920%2C2560\" alt=\"IMG_4746\" \/><\/figure><\/div><div class=\"swiper-slide\" role=\"group\" aria-roledescription=\"slide\" aria-label=\"18 of 26\" data-no-translation-aria-label=\"\"><figure class=\"swiper-slide-inner\"><img decoding=\"async\" class=\"swiper-slide-image\" src=\"https:\/\/i0.wp.com\/hudv.org.au\/wp-content\/uploads\/2023\/09\/IMG_4747-scaled.jpg?fit=1920%2C2560\" alt=\"IMG_4747\" \/><\/figure><\/div><div class=\"swiper-slide\" role=\"group\" aria-roledescription=\"slide\" aria-label=\"19 of 26\" data-no-translation-aria-label=\"\"><figure class=\"swiper-slide-inner\"><img decoding=\"async\" class=\"swiper-slide-image\" src=\"https:\/\/i0.wp.com\/hudv.org.au\/wp-content\/uploads\/2023\/09\/IMG_4748-scaled.jpg?fit=1920%2C2560\" alt=\"IMG_4748\" \/><\/figure><\/div><div class=\"swiper-slide\" role=\"group\" aria-roledescription=\"slide\" aria-label=\"20 of 26\" data-no-translation-aria-label=\"\"><figure class=\"swiper-slide-inner\"><img decoding=\"async\" class=\"swiper-slide-image\" src=\"https:\/\/i0.wp.com\/hudv.org.au\/wp-content\/uploads\/2023\/09\/IMG_4750-scaled.jpg?fit=1920%2C2560\" alt=\"IMG_4750\" \/><\/figure><\/div><div class=\"swiper-slide\" role=\"group\" aria-roledescription=\"slide\" aria-label=\"21 of 26\" data-no-translation-aria-label=\"\"><figure class=\"swiper-slide-inner\"><img decoding=\"async\" class=\"swiper-slide-image\" src=\"https:\/\/i0.wp.com\/hudv.org.au\/wp-content\/uploads\/2023\/09\/IMG_4751-scaled.jpg?fit=1920%2C2560\" alt=\"IMG_4751\" \/><\/figure><\/div><div class=\"swiper-slide\" role=\"group\" aria-roledescription=\"slide\" aria-label=\"22 of 26\" data-no-translation-aria-label=\"\"><figure class=\"swiper-slide-inner\"><img decoding=\"async\" class=\"swiper-slide-image\" src=\"https:\/\/i0.wp.com\/hudv.org.au\/wp-content\/uploads\/2023\/09\/IMG_4753-scaled.jpg?fit=1920%2C2560\" alt=\"IMG_4753\" \/><\/figure><\/div><div class=\"swiper-slide\" role=\"group\" aria-roledescription=\"slide\" aria-label=\"23 of 26\" data-no-translation-aria-label=\"\"><figure class=\"swiper-slide-inner\"><img decoding=\"async\" class=\"swiper-slide-image\" src=\"https:\/\/i0.wp.com\/hudv.org.au\/wp-content\/uploads\/2023\/09\/IMG_4755-scaled.jpg?fit=1920%2C2560\" alt=\"IMG_4755\" \/><\/figure><\/div><div class=\"swiper-slide\" role=\"group\" aria-roledescription=\"slide\" aria-label=\"24 of 26\" data-no-translation-aria-label=\"\"><figure class=\"swiper-slide-inner\"><img decoding=\"async\" class=\"swiper-slide-image\" src=\"https:\/\/i0.wp.com\/hudv.org.au\/wp-content\/uploads\/2023\/09\/IMG_4756-scaled.jpg?fit=1920%2C2560\" alt=\"IMG_4756\" \/><\/figure><\/div><div class=\"swiper-slide\" role=\"group\" aria-roledescription=\"slide\" aria-label=\"25 of 26\" data-no-translation-aria-label=\"\"><figure class=\"swiper-slide-inner\"><img decoding=\"async\" class=\"swiper-slide-image\" src=\"https:\/\/i0.wp.com\/hudv.org.au\/wp-content\/uploads\/2026\/04\/9ee61370d940934e71880db181cb34c1.jpeg?fit=1824%2C1368\" alt=\"9ee61370d940934e71880db181cb34c1\" \/><\/figure><\/div><div class=\"swiper-slide\" role=\"group\" aria-roledescription=\"slide\" aria-label=\"26 of 26\" data-no-translation-aria-label=\"\"><figure class=\"swiper-slide-inner\"><img decoding=\"async\" class=\"swiper-slide-image\" src=\"https:\/\/i0.wp.com\/hudv.org.au\/wp-content\/uploads\/2026\/04\/513919eba71d2dc02e099d61090b497a-scaled.jpeg?fit=1920%2C2560\" alt=\"513919eba71d2dc02e099d61090b497a\" \/><\/figure><\/div>\t\t\t<\/div>\n\t\t\t\t\t\t\t\t\t\t\t\t<div class=\"elementor-swiper-button elementor-swiper-button-prev\" role=\"button\" tabindex=\"0\">\n\t\t\t\t\t\t<i aria-hidden=\"true\" class=\"eicon-chevron-left\"><\/i>\t\t\t\t\t<\/div>\n\t\t\t\t\t<div class=\"elementor-swiper-button elementor-swiper-button-next\" role=\"button\" tabindex=\"0\">\n\t\t\t\t\t\t<i aria-hidden=\"true\" class=\"eicon-chevron-right\"><\/i>\t\t\t\t\t<\/div>\n\t\t\t\t\n\t\t\t\t\t\t\t\t\t<div class=\"swiper-pagination\"><\/div>\n\t\t\t\t\t\t\t\t\t<\/div>\n\t\t\t\t\t\t<\/div>\n\t\t\t\t<\/div>\n\t\t\t\t\t<\/div>\n\t\t<\/div>\n\t\t\t\t\t<\/div>\n\t\t<\/section>\n\t\t\t\t<\/div>","protected":false},"excerpt":{"rendered":"<p>El D\u00eda de los Muertos (the Day of the Dead), a Mexican celebration, is a day to celebrate, remember and prepare special [&hellip;]<\/p>\n","protected":false},"author":1,"featured_media":0,"parent":494,"menu_order":0,"comment_status":"closed","ping_status":"closed","template":"","meta":{"nf_dc_page":"","om_disable_all_campaigns":false,"footnotes":""},"class_list":["post-915","page","type-page","status-publish","hentry"],"yoast_head":"<!-- This site is optimized with the Yoast SEO plugin v27.4 - https:\/\/yoast.com\/product\/yoast-seo-wordpress\/ -->\n<title>D\u00eda de los Muertos - HUDV<\/title>\n<meta name=\"robots\" content=\"index, follow, max-snippet:-1, max-image-preview:large, max-video-preview:-1\" \/>\n<link rel=\"canonical\" href=\"https:\/\/hudv.org.au\/es\/portfolio\/day-of-the-death\/\" \/>\n<meta property=\"og:locale\" content=\"es_ES\" \/>\n<meta property=\"og:type\" content=\"article\" \/>\n<meta property=\"og:title\" content=\"D\u00eda de los Muertos - HUDV\" \/>\n<meta property=\"og:description\" content=\"El D\u00eda de los Muertos (the Day of the Dead), a Mexican celebration, is a day to celebrate, remember and prepare special [&hellip;]\" \/>\n<meta property=\"og:url\" content=\"https:\/\/hudv.org.au\/es\/portfolio\/day-of-the-death\/\" \/>\n<meta property=\"og:site_name\" content=\"HUDV\" \/>\n<meta property=\"article:modified_time\" content=\"2026-04-12T11:08:14+00:00\" \/>\n<meta property=\"og:image\" content=\"http:\/\/hudv.org.au\/wp-content\/uploads\/2023\/09\/Day-of-the-Death-HUDV.jpg\" \/>\n<meta name=\"twitter:card\" content=\"summary_large_image\" \/>\n<meta name=\"twitter:label1\" content=\"Tiempo de lectura\" \/>\n\t<meta name=\"twitter:data1\" content=\"8 minutos\" \/>\n<script type=\"application\/ld+json\" class=\"yoast-schema-graph\">{\"@context\":\"https:\\\/\\\/schema.org\",\"@graph\":[{\"@type\":\"WebPage\",\"@id\":\"https:\\\/\\\/hudv.org.au\\\/es\\\/portfolio\\\/day-of-the-death\\\/\",\"url\":\"https:\\\/\\\/hudv.org.au\\\/es\\\/portfolio\\\/day-of-the-death\\\/\",\"name\":\"D\u00eda de los Muertos - HUDV\",\"isPartOf\":{\"@id\":\"http:\\\/\\\/hudv.org.au\\\/#website\"},\"primaryImageOfPage\":{\"@id\":\"https:\\\/\\\/hudv.org.au\\\/es\\\/portfolio\\\/day-of-the-death\\\/#primaryimage\"},\"image\":{\"@id\":\"https:\\\/\\\/hudv.org.au\\\/es\\\/portfolio\\\/day-of-the-death\\\/#primaryimage\"},\"thumbnailUrl\":\"http:\\\/\\\/hudv.org.au\\\/wp-content\\\/uploads\\\/2023\\\/09\\\/Day-of-the-Death-HUDV.jpg\",\"datePublished\":\"2022-12-12T08:16:08+00:00\",\"dateModified\":\"2026-04-12T11:08:14+00:00\",\"breadcrumb\":{\"@id\":\"https:\\\/\\\/hudv.org.au\\\/es\\\/portfolio\\\/day-of-the-death\\\/#breadcrumb\"},\"inLanguage\":\"es-CO\",\"potentialAction\":[{\"@type\":\"ReadAction\",\"target\":[\"https:\\\/\\\/hudv.org.au\\\/es\\\/portfolio\\\/day-of-the-death\\\/\"]}]},{\"@type\":\"ImageObject\",\"inLanguage\":\"es-CO\",\"@id\":\"https:\\\/\\\/hudv.org.au\\\/es\\\/portfolio\\\/day-of-the-death\\\/#primaryimage\",\"url\":\"http:\\\/\\\/hudv.org.au\\\/wp-content\\\/uploads\\\/2023\\\/09\\\/Day-of-the-Death-HUDV.jpg\",\"contentUrl\":\"http:\\\/\\\/hudv.org.au\\\/wp-content\\\/uploads\\\/2023\\\/09\\\/Day-of-the-Death-HUDV.jpg\"},{\"@type\":\"BreadcrumbList\",\"@id\":\"https:\\\/\\\/hudv.org.au\\\/es\\\/portfolio\\\/day-of-the-death\\\/#breadcrumb\",\"itemListElement\":[{\"@type\":\"ListItem\",\"position\":1,\"name\":\"Home\",\"item\":\"http:\\\/\\\/hudv.org.au\\\/\"},{\"@type\":\"ListItem\",\"position\":2,\"name\":\"Events\",\"item\":\"https:\\\/\\\/hudv.org.au\\\/portfolio\\\/\"},{\"@type\":\"ListItem\",\"position\":3,\"name\":\"D\u00eda de los Muertos\"}]},{\"@type\":\"WebSite\",\"@id\":\"http:\\\/\\\/hudv.org.au\\\/#website\",\"url\":\"http:\\\/\\\/hudv.org.au\\\/\",\"name\":\"HUDV\",\"description\":\"Hispanos Unidos de Victoria\",\"potentialAction\":[{\"@type\":\"SearchAction\",\"target\":{\"@type\":\"EntryPoint\",\"urlTemplate\":\"http:\\\/\\\/hudv.org.au\\\/?s={search_term_string}\"},\"query-input\":{\"@type\":\"PropertyValueSpecification\",\"valueRequired\":true,\"valueName\":\"search_term_string\"}}],\"inLanguage\":\"es-CO\"}]}<\/script>\n<!-- \/ Yoast SEO plugin. -->","yoast_head_json":{"title":"D\u00eda de los Muertos - HUDV","robots":{"index":"index","follow":"follow","max-snippet":"max-snippet:-1","max-image-preview":"max-image-preview:large","max-video-preview":"max-video-preview:-1"},"canonical":"https:\/\/hudv.org.au\/es\/portfolio\/day-of-the-death\/","og_locale":"es_ES","og_type":"article","og_title":"D\u00eda de los Muertos - HUDV","og_description":"El D\u00eda de los Muertos (the Day of the Dead), a Mexican celebration, is a day to celebrate, remember and prepare special [&hellip;]","og_url":"https:\/\/hudv.org.au\/es\/portfolio\/day-of-the-death\/","og_site_name":"HUDV","article_modified_time":"2026-04-12T11:08:14+00:00","og_image":[{"url":"http:\/\/hudv.org.au\/wp-content\/uploads\/2023\/09\/Day-of-the-Death-HUDV.jpg","type":"","width":"","height":""}],"twitter_card":"summary_large_image","twitter_misc":{"Tiempo de lectura":"8 minutos"},"schema":{"@context":"https:\/\/schema.org","@graph":[{"@type":"WebPage","@id":"https:\/\/hudv.org.au\/es\/portfolio\/day-of-the-death\/","url":"https:\/\/hudv.org.au\/es\/portfolio\/day-of-the-death\/","name":"D\u00eda de los Muertos - HUDV","isPartOf":{"@id":"http:\/\/hudv.org.au\/#website"},"primaryImageOfPage":{"@id":"https:\/\/hudv.org.au\/es\/portfolio\/day-of-the-death\/#primaryimage"},"image":{"@id":"https:\/\/hudv.org.au\/es\/portfolio\/day-of-the-death\/#primaryimage"},"thumbnailUrl":"http:\/\/hudv.org.au\/wp-content\/uploads\/2023\/09\/Day-of-the-Death-HUDV.jpg","datePublished":"2022-12-12T08:16:08+00:00","dateModified":"2026-04-12T11:08:14+00:00","breadcrumb":{"@id":"https:\/\/hudv.org.au\/es\/portfolio\/day-of-the-death\/#breadcrumb"},"inLanguage":"es-CO","potentialAction":[{"@type":"ReadAction","target":["https:\/\/hudv.org.au\/es\/portfolio\/day-of-the-death\/"]}]},{"@type":"ImageObject","inLanguage":"es-CO","@id":"https:\/\/hudv.org.au\/es\/portfolio\/day-of-the-death\/#primaryimage","url":"http:\/\/hudv.org.au\/wp-content\/uploads\/2023\/09\/Day-of-the-Death-HUDV.jpg","contentUrl":"http:\/\/hudv.org.au\/wp-content\/uploads\/2023\/09\/Day-of-the-Death-HUDV.jpg"},{"@type":"BreadcrumbList","@id":"https:\/\/hudv.org.au\/es\/portfolio\/day-of-the-death\/#breadcrumb","itemListElement":[{"@type":"ListItem","position":1,"name":"Home","item":"http:\/\/hudv.org.au\/"},{"@type":"ListItem","position":2,"name":"Events","item":"https:\/\/hudv.org.au\/portfolio\/"},{"@type":"ListItem","position":3,"name":"D\u00eda de los Muertos"}]},{"@type":"WebSite","@id":"http:\/\/hudv.org.au\/#website","url":"http:\/\/hudv.org.au\/","name":"HUDV","description":"Hispanos Unidos de Victoria","potentialAction":[{"@type":"SearchAction","target":{"@type":"EntryPoint","urlTemplate":"http:\/\/hudv.org.au\/?s={search_term_string}"},"query-input":{"@type":"PropertyValueSpecification","valueRequired":true,"valueName":"search_term_string"}}],"inLanguage":"es-CO"}]}},"jetpack_sharing_enabled":true,"_links":{"self":[{"href":"https:\/\/hudv.org.au\/es\/wp-json\/wp\/v2\/pages\/915","targetHints":{"allow":["GET"]}}],"collection":[{"href":"https:\/\/hudv.org.au\/es\/wp-json\/wp\/v2\/pages"}],"about":[{"href":"https:\/\/hudv.org.au\/es\/wp-json\/wp\/v2\/types\/page"}],"author":[{"embeddable":true,"href":"https:\/\/hudv.org.au\/es\/wp-json\/wp\/v2\/users\/1"}],"replies":[{"embeddable":true,"href":"https:\/\/hudv.org.au\/es\/wp-json\/wp\/v2\/comments?post=915"}],"version-history":[{"count":5,"href":"https:\/\/hudv.org.au\/es\/wp-json\/wp\/v2\/pages\/915\/revisions"}],"predecessor-version":[{"id":2610,"href":"https:\/\/hudv.org.au\/es\/wp-json\/wp\/v2\/pages\/915\/revisions\/2610"}],"up":[{"embeddable":true,"href":"https:\/\/hudv.org.au\/es\/wp-json\/wp\/v2\/pages\/494"}],"wp:attachment":[{"href":"https:\/\/hudv.org.au\/es\/wp-json\/wp\/v2\/media?parent=915"}],"curies":[{"name":"wp","href":"https:\/\/api.w.org\/{rel}","templated":true}]}}