{"id":917,"date":"2022-12-12T08:37:52","date_gmt":"2022-12-12T08:37:52","guid":{"rendered":"http:\/\/hudv.org.au\/?page_id=917"},"modified":"2026-04-12T09:41:48","modified_gmt":"2026-04-12T09:41:48","slug":"conversational-spanish","status":"publish","type":"page","link":"https:\/\/hudv.org.au\/es\/portfolio\/conversational-spanish\/","title":{"rendered":"Clases de Espa\u00f1ol"},"content":{"rendered":"<div data-elementor-type=\"wp-page\" data-elementor-id=\"917\" class=\"elementor elementor-917\">\n\t\t\t\t\t\t<section class=\"elementor-section elementor-top-section elementor-element elementor-element-5b0e47e elementor-section-boxed elementor-section-height-default elementor-section-height-default\" data-id=\"5b0e47e\" data-element_type=\"section\" data-e-type=\"section\" data-settings=\"{&quot;background_background&quot;:&quot;classic&quot;}\">\n\t\t\t\t\t\t\t<div class=\"elementor-background-overlay\"><\/div>\n\t\t\t\t\t\t\t<div class=\"elementor-container elementor-column-gap-default\">\n\t\t\t\t\t<div class=\"elementor-column elementor-col-100 elementor-top-column elementor-element elementor-element-94190f7\" data-id=\"94190f7\" data-element_type=\"column\" data-e-type=\"column\">\n\t\t\t<div class=\"elementor-widget-wrap elementor-element-populated\">\n\t\t\t\t\t\t<div class=\"elementor-element elementor-element-c6affba elementor-widget elementor-widget-text-editor\" data-id=\"c6affba\" data-element_type=\"widget\" data-e-type=\"widget\" data-widget_type=\"text-editor.default\">\n\t\t\t\t<div class=\"elementor-widget-container\">\n\t\t\t\t\t\t\t\t\t<h4>En colaboraci\u00f3n con U3A Bendigo, HUDV asumi\u00f3 la coordinaci\u00f3n de las clases de Espa\u00f1ol Conversacional de Leonie Lewington, las cuales ella inici\u00f3 en 2016.&nbsp;<\/h4>\n<h4>Estas clases se realizan dos veces al mes durante el per\u00edodo lectivo y ofrecen a sus participantes la oportunidad de practicar y mejorar sus habilidades en el idioma espa\u00f1ol.<\/h4>\n<h4 class=\"translation-block\">Hazte miembro de U3A Bendigo y acomp\u00e1\u00f1anos en nuestras clases de conversaci\u00f3n.<\/h4>\t\t\t\t\t\t\t\t<\/div>\n\t\t\t\t<\/div>\n\t\t\t\t\t<\/div>\n\t\t<\/div>\n\t\t\t\t\t<\/div>\n\t\t<\/section>\n\t\t\t\t<\/div>","protected":false},"excerpt":{"rendered":"<p>Working with Bendigo U3A, HUDV took over Leonie Lewington&#8217;s Conversational Spanish classes which she began in 2016.&nbsp; These classes meet twice a [&hellip;]<\/p>\n","protected":false},"author":1,"featured_media":0,"parent":494,"menu_order":0,"comment_status":"closed","ping_status":"closed","template":"","meta":{"nf_dc_page":"","om_disable_all_campaigns":false,"footnotes":""},"class_list":["post-917","page","type-page","status-publish","hentry"],"yoast_head":"<!-- This site is optimized with the Yoast SEO plugin v27.4 - https:\/\/yoast.com\/product\/yoast-seo-wordpress\/ -->\n<title>Spanish Classes - HUDV<\/title>\n<meta name=\"robots\" content=\"index, follow, max-snippet:-1, max-image-preview:large, max-video-preview:-1\" \/>\n<link rel=\"canonical\" href=\"https:\/\/hudv.org.au\/es\/portfolio\/conversational-spanish\/\" \/>\n<meta property=\"og:locale\" content=\"es_ES\" \/>\n<meta property=\"og:type\" content=\"article\" \/>\n<meta property=\"og:title\" content=\"Spanish Classes - HUDV\" \/>\n<meta property=\"og:description\" content=\"Working with Bendigo U3A, HUDV took over Leonie Lewington&#8217;s Conversational Spanish classes which she began in 2016.&nbsp; These classes meet twice a [&hellip;]\" \/>\n<meta property=\"og:url\" content=\"https:\/\/hudv.org.au\/es\/portfolio\/conversational-spanish\/\" \/>\n<meta property=\"og:site_name\" content=\"HUDV\" \/>\n<meta property=\"article:modified_time\" content=\"2026-04-12T09:41:48+00:00\" \/>\n<meta name=\"twitter:card\" content=\"summary_large_image\" \/>\n<meta name=\"twitter:label1\" content=\"Tiempo de lectura\" \/>\n\t<meta name=\"twitter:data1\" content=\"1 minuto\" \/>\n<script type=\"application\/ld+json\" class=\"yoast-schema-graph\">{\"@context\":\"https:\\\/\\\/schema.org\",\"@graph\":[{\"@type\":\"WebPage\",\"@id\":\"https:\\\/\\\/hudv.org.au\\\/portfolio\\\/conversational-spanish\\\/\",\"url\":\"https:\\\/\\\/hudv.org.au\\\/portfolio\\\/conversational-spanish\\\/\",\"name\":\"Spanish Classes - HUDV\",\"isPartOf\":{\"@id\":\"http:\\\/\\\/hudv.org.au\\\/#website\"},\"datePublished\":\"2022-12-12T08:37:52+00:00\",\"dateModified\":\"2026-04-12T09:41:48+00:00\",\"breadcrumb\":{\"@id\":\"https:\\\/\\\/hudv.org.au\\\/portfolio\\\/conversational-spanish\\\/#breadcrumb\"},\"inLanguage\":\"es-CO\",\"potentialAction\":[{\"@type\":\"ReadAction\",\"target\":[\"https:\\\/\\\/hudv.org.au\\\/portfolio\\\/conversational-spanish\\\/\"]}]},{\"@type\":\"BreadcrumbList\",\"@id\":\"https:\\\/\\\/hudv.org.au\\\/portfolio\\\/conversational-spanish\\\/#breadcrumb\",\"itemListElement\":[{\"@type\":\"ListItem\",\"position\":1,\"name\":\"Home\",\"item\":\"http:\\\/\\\/hudv.org.au\\\/\"},{\"@type\":\"ListItem\",\"position\":2,\"name\":\"Events\",\"item\":\"https:\\\/\\\/hudv.org.au\\\/portfolio\\\/\"},{\"@type\":\"ListItem\",\"position\":3,\"name\":\"Spanish Classes\"}]},{\"@type\":\"WebSite\",\"@id\":\"http:\\\/\\\/hudv.org.au\\\/#website\",\"url\":\"http:\\\/\\\/hudv.org.au\\\/\",\"name\":\"HUDV\",\"description\":\"Hispanos Unidos de Victoria\",\"potentialAction\":[{\"@type\":\"SearchAction\",\"target\":{\"@type\":\"EntryPoint\",\"urlTemplate\":\"http:\\\/\\\/hudv.org.au\\\/?s={search_term_string}\"},\"query-input\":{\"@type\":\"PropertyValueSpecification\",\"valueRequired\":true,\"valueName\":\"search_term_string\"}}],\"inLanguage\":\"es-CO\"}]}<\/script>\n<!-- \/ Yoast SEO plugin. -->","yoast_head_json":{"title":"Spanish Classes - HUDV","robots":{"index":"index","follow":"follow","max-snippet":"max-snippet:-1","max-image-preview":"max-image-preview:large","max-video-preview":"max-video-preview:-1"},"canonical":"https:\/\/hudv.org.au\/es\/portfolio\/conversational-spanish\/","og_locale":"es_ES","og_type":"article","og_title":"Spanish Classes - HUDV","og_description":"Working with Bendigo U3A, HUDV took over Leonie Lewington&#8217;s Conversational Spanish classes which she began in 2016.&nbsp; These classes meet twice a [&hellip;]","og_url":"https:\/\/hudv.org.au\/es\/portfolio\/conversational-spanish\/","og_site_name":"HUDV","article_modified_time":"2026-04-12T09:41:48+00:00","twitter_card":"summary_large_image","twitter_misc":{"Tiempo de lectura":"1 minuto"},"schema":{"@context":"https:\/\/schema.org","@graph":[{"@type":"WebPage","@id":"https:\/\/hudv.org.au\/portfolio\/conversational-spanish\/","url":"https:\/\/hudv.org.au\/portfolio\/conversational-spanish\/","name":"Spanish Classes - HUDV","isPartOf":{"@id":"http:\/\/hudv.org.au\/#website"},"datePublished":"2022-12-12T08:37:52+00:00","dateModified":"2026-04-12T09:41:48+00:00","breadcrumb":{"@id":"https:\/\/hudv.org.au\/portfolio\/conversational-spanish\/#breadcrumb"},"inLanguage":"es-CO","potentialAction":[{"@type":"ReadAction","target":["https:\/\/hudv.org.au\/portfolio\/conversational-spanish\/"]}]},{"@type":"BreadcrumbList","@id":"https:\/\/hudv.org.au\/portfolio\/conversational-spanish\/#breadcrumb","itemListElement":[{"@type":"ListItem","position":1,"name":"Home","item":"http:\/\/hudv.org.au\/"},{"@type":"ListItem","position":2,"name":"Events","item":"https:\/\/hudv.org.au\/portfolio\/"},{"@type":"ListItem","position":3,"name":"Spanish Classes"}]},{"@type":"WebSite","@id":"http:\/\/hudv.org.au\/#website","url":"http:\/\/hudv.org.au\/","name":"HUDV","description":"Hispanos Unidos de Victoria","potentialAction":[{"@type":"SearchAction","target":{"@type":"EntryPoint","urlTemplate":"http:\/\/hudv.org.au\/?s={search_term_string}"},"query-input":{"@type":"PropertyValueSpecification","valueRequired":true,"valueName":"search_term_string"}}],"inLanguage":"es-CO"}]}},"jetpack_sharing_enabled":true,"_links":{"self":[{"href":"https:\/\/hudv.org.au\/es\/wp-json\/wp\/v2\/pages\/917","targetHints":{"allow":["GET"]}}],"collection":[{"href":"https:\/\/hudv.org.au\/es\/wp-json\/wp\/v2\/pages"}],"about":[{"href":"https:\/\/hudv.org.au\/es\/wp-json\/wp\/v2\/types\/page"}],"author":[{"embeddable":true,"href":"https:\/\/hudv.org.au\/es\/wp-json\/wp\/v2\/users\/1"}],"replies":[{"embeddable":true,"href":"https:\/\/hudv.org.au\/es\/wp-json\/wp\/v2\/comments?post=917"}],"version-history":[{"count":5,"href":"https:\/\/hudv.org.au\/es\/wp-json\/wp\/v2\/pages\/917\/revisions"}],"predecessor-version":[{"id":2558,"href":"https:\/\/hudv.org.au\/es\/wp-json\/wp\/v2\/pages\/917\/revisions\/2558"}],"up":[{"embeddable":true,"href":"https:\/\/hudv.org.au\/es\/wp-json\/wp\/v2\/pages\/494"}],"wp:attachment":[{"href":"https:\/\/hudv.org.au\/es\/wp-json\/wp\/v2\/media?parent=917"}],"curies":[{"name":"wp","href":"https:\/\/api.w.org\/{rel}","templated":true}]}}